{"id":497,"date":"2020-03-31T13:52:41","date_gmt":"2020-03-31T11:52:41","guid":{"rendered":"https:\/\/bicycle.holiday\/?page_id=497"},"modified":"2020-10-23T12:55:35","modified_gmt":"2020-10-23T10:55:35","slug":"gtc","status":"publish","type":"page","link":"https:\/\/bicycle.holiday\/pl\/gtc\/","title":{"rendered":"OWH"},"content":{"rendered":"<h2><span class=\"tlid-translation translation\" lang=\"pl\"><span title=\"\">Og\u00f3lne warunki handlowe<\/span><\/span><\/h2>\n<p><span class=\"tlid-translation translation\" lang=\"pl\"><span class=\"\" title=\"\">zaktualizowane:<\/span><\/span> 23.4.2020<\/p>\n<p><span class=\"tlid-translation translation\" lang=\"pl\"><span class=\"\" title=\"\">Dostawca w serwisie rowerowym (dalej Wakacje Rowerowe):<\/span><\/span><\/p>\n<p>SERVICIOS NACESTY MALLORCA S.L. (NaCesty)<br \/>\nID: B16565186 VAT.no : ES B16565186<br \/>\nTrasim\u00e9 7, Playa de Palma, 07600, Spain<\/p>\n<p><span class=\"tlid-translation translation\" lang=\"pl\"><span class=\"\" title=\"\">Dostawca sprzeda\u017cy:<\/span><\/span><\/p>\n<p>NaCesty.cz, s.r.o.<br \/>\nID: 26365570 VAT.no : CZ26365570<br \/>\nPu\u0161kinova 14, 301 00 Pilsen, Czech Republic<\/p>\n<p><span class=\"tlid-translation translation\" lang=\"pl\"><span class=\"\" title=\"\">Dostawca zakwaterowania:<\/span><\/span><\/p>\n<p>Framotel S.A. Hotel Rei del Mediterrani<br \/>\nID: A07126766 VAT.no : ES A07126766<br \/>\nGoleta 7, 07610 Playa de Palma, Mallorca, Spain<\/p>\n<h4>1. Bicycle.holiday <span class=\"tlid-translation translation\" lang=\"pl\"><span class=\"\" title=\"\">us\u0142ugi<\/span><\/span>:<\/h4>\n<p>1.1. <span class=\"tlid-translation translation\" lang=\"pl\"><span class=\"\" title=\"\">NaCesty oferuje wynajem, przechowywanie i serwis rower\u00f3w na Majorce oraz us\u0142ugi transportowe swoim klientom.<\/span><\/span><\/p>\n<p>1.2. <span class=\"tlid-translation translation\" lang=\"pl\"><span class=\"\" title=\"\">Ceny wynajmu podlegaj\u0105 aktualnemu cennikowi na <a href=\"https:\/\/bicycle.holiday\/pl\/wypozyczalnia-rowerow\/\">stronie internetowej<\/a><\/span><\/span><span class=\"tlid-translation translation\" lang=\"pl\"><span class=\"\" title=\"\"> sprzedawcy<\/span><\/span>.<\/p>\n<p>1.3. <span class=\"tlid-translation translation\" lang=\"pl\"><span class=\"\" title=\"\">Je\u015bli wynajmujesz na 6 lub wi\u0119cej dni, zostaniesz poproszony o zap\u0142acenie 10 \u20ac za ubezpieczenie od uszkodzenia roweru \/ ca\u0142y okres wypo\u017cyczenia.<\/span><\/span><\/p>\n<p>1.4. <span class=\"tlid-translation translation\" lang=\"pl\"><span class=\"\" title=\"\">Wyposa\u017cenie Roweru: Rower wyposa\u017cony jest w: komputer, pompk\u0119, zapasow\u0105 d\u0119tk\u0119.<\/span> <span title=\"\">Musisz u\u017cywa\u0107 w\u0142asnych peda\u0142\u00f3w i kasku.<\/span> <span class=\"\" title=\"\">Rowery fitness s\u0105 wyposa\u017cone w klasyczne peda\u0142y.<\/span><\/span><\/p>\n<p>1.7. <span class=\"tlid-translation translation\" lang=\"pl\"><span title=\"\">Rower nale\u017cy zwr\u00f3ci\u0107 czysty, nieuszkodzony i na czas do godziny 17:00.<\/span> <span title=\"\">P\u00f3\u017aniejszy zwrot jest mo\u017cliwy tylko po wcze\u015bniejszym ustaleniu z mechanikiem.<\/span> <span class=\"\" title=\"\">W przypadku nieujawnionego p\u00f3\u017aniejszego zwrotu kaucja przepada.<\/span><\/span><\/p>\n<p>1.8. <span class=\"tlid-translation translation\" lang=\"pl\"><span class=\"\" title=\"\">Cena wynajmu obejmuje r\u00f3wnie\u017c parking rowerowy w centrum rowerowym<\/span><\/span>.<\/p>\n<p>&nbsp;<\/p>\n<h4>2. <span class=\"tlid-translation translation\" lang=\"pl\"><span class=\"\" title=\"\">Zasady p\u0142atno\u015bci<\/span><\/span><\/h4>\n<p>2.1. <span class=\"tlid-translation translation\" lang=\"pl\"><span class=\"\" title=\"\">P\u0142atno\u015b\u0107 za wypo\u017cyczenie roweru dokonywana jest na miejscu got\u00f3wk\u0105 w EUR<\/span><\/span>.<\/p>\n<p>2.2. <span class=\"tlid-translation translation\" lang=\"pl\"><span title=\"\">P\u0142atno\u015b\u0107 za zakwaterowanie reguluj\u0105 warunki dostawcy zakwaterowania.<\/span> <span class=\"\" title=\"\">P\u0142atno\u015b\u0107 nast\u0119puje po przyje\u017adzie do hotelu w recepcji<\/span><\/span>.<\/p>\n<p>2.3. <span class=\"tlid-translation translation\" lang=\"pl\"><span class=\"\" title=\"\">P\u0142atno\u015b\u0107 pakietu us\u0142ug jest dokonywana przez rezerwacj\u0119 i podlega warunkom po\u015brednika sprzeda\u017cy<\/span><\/span>.<\/p>\n<p>&nbsp;<\/p>\n<h4>3. <span class=\"tlid-translation translation\" lang=\"pl\"><span class=\"\" title=\"\">Zmiany i anulowanie<\/span><\/span><\/h4>\n<p>3.1. <span class=\"tlid-translation translation\" lang=\"pl\"><span title=\"\">Mo\u017cliwe s\u0105 zmiany w rezerwacji wypo\u017cyczalni rower\u00f3w.<\/span> <span title=\"\">Za ka\u017cd\u0105 indywidualn\u0105 zmian\u0119 skutkuj\u0105c\u0105 mniejsz\u0105 liczb\u0105 dni wynajmu lub ta\u0144szym modelem pobierana jest op\u0142ata 10 EUR za wynajem.<\/span> <span class=\"\" title=\"\">Nie ma op\u0142at za zwi\u0119kszenie ilo\u015bci dni wypo\u017cyczenia lub wypo\u017cyczenie dro\u017cszego modelu.<\/span><\/span><\/p>\n<p>3.2. <span class=\"tlid-translation translation\" lang=\"pl\"><span class=\"\" title=\"\">Zasady anulowania wynajmu:<\/span><\/span><\/p>\n<p>3.2.1. <span class=\"tlid-translation translation\" lang=\"pl\"><span class=\"\" title=\"\">3 lub wi\u0119cej dni przed wyjazdem 10 \u20ac za wynajem<\/span><\/span><\/p>\n<p>3.2.2. <span class=\"tlid-translation translation\" lang=\"pl\"><span class=\"\" title=\"\">2 lub mniej dni przed wylotem 35 \u20ac za wynajem<\/span><\/span><\/p>\n<p>3.3. <span class=\"tlid-translation translation\" lang=\"pl\"><span class=\"\" title=\"\">Zmiany i anulacje zakwaterowania s\u0105 dokonywane przez po\u015brednika zakwaterowania.<\/span><\/span><\/p>\n<p>3.3.1. <span class=\"tlid-translation translation\" lang=\"pl\"><span class=\"\" title=\"\">Za ka\u017cd\u0105 indywidualn\u0105 zmian\u0119 przy zachowaniu tej samej liczby pasa\u017cer\u00f3w lub zmniejszeniu liczby pasa\u017cer\u00f3w pobierana jest op\u0142ata w wysoko\u015bci 10 \u20ac od osoby.<\/span> <span class=\"\" title=\"\">Nie ma op\u0142at za zwi\u0119kszenie liczby pasa\u017cer\u00f3w lub dni.<\/span><\/span><\/p>\n<p>3.3.2. <span class=\"tlid-translation translation\" lang=\"pl\"><span class=\"\" title=\"\">anulowanie 60 lub wi\u0119cej dni przed wyjazdem 10 \u20ac za osob\u0119<\/span><\/span><\/p>\n<p>3.3.3. <span class=\"tlid-translation translation\" lang=\"pl\"><span class=\"\" title=\"\">anulowanie 59 dni lub mniej przed wyjazdem 35 \u20ac za osob\u0119<\/span><\/span><\/p>\n<p>3.4. <span class=\"tlid-translation translation\" lang=\"pl\"><span class=\"\" title=\"\">Op\u0142aty za zmian\u0119 i anulowanie s\u0105 pobierane z g\u00f3ry przez po\u015brednika sprzeda\u017cy.<\/span><\/span><\/p>\n<p>&nbsp;<\/p>\n<h4>4. Dyskont<\/h4>\n<p>4.1. <span class=\"tlid-translation translation\" lang=\"pl\"><span class=\"\" title=\"\">Grupy<\/span><\/span><\/p>\n<p>4.1.1. <span class=\"tlid-translation translation\" lang=\"pl\"><span class=\"\" title=\"\">Wypo\u017cyczenie roweru &#8211; ka\u017cde 11 wypo\u017cyczenie w grupie i jednocze\u015bnie jest BEZP\u0141ATNE<\/span><\/span><\/p>\n<p>4.1.2. <span class=\"tlid-translation translation\" lang=\"pl\"><span class=\"\" title=\"\">Pakiet serwisowy &#8211; ka\u017cda 11 osoba w grupie przybywaj\u0105ca w tym samym czasie \u0142\u0105cznie z lotami jest BEZP\u0141ATNA<\/span><\/span><\/p>\n<p>4.2. <span class=\"tlid-translation translation\" lang=\"pl\"><span class=\"\" title=\"\">Dzieci<\/span><\/span><\/p>\n<p>4.2.1. <span class=\"tlid-translation translation\" lang=\"pl\"><span class=\"\" title=\"\">Dzieci w wieku 0-1,99 lat maj\u0105 zakwaterowanie i pakiet us\u0142ug BEZP\u0141ATNIE pod opiek\u0105 co najmniej 2 os\u00f3b doros\u0142ych<\/span><\/span><\/p>\n<p>4.2.2. <span class=\"tlid-translation translation\" lang=\"pl\"><span class=\"\" title=\"\">Dzieci w wieku 2-12,99 lat maj\u0105 zakwaterowanie z 50% dyskontem, pod warunkiem, \u017ce towarzysz\u0105 im co najmniej 2 osoby doros\u0142e, liczone od ceny za \u0142\u00f3\u017cko podw\u00f3jne.<\/span><\/span><\/p>\n<p>&nbsp;<\/p>\n<h4>5. <span class=\"tlid-translation translation\" lang=\"pl\"><span class=\"\" title=\"\">Ubezpieczenie roweru<\/span><\/span><\/h4>\n<p>5.1. <span class=\"tlid-translation translation\" lang=\"pl\"><span title=\"\">Ubezpieczenie roweru: rower jest ubezpieczony od wszelkich szk\u00f3d powsta\u0142ych w razie wypadku.<\/span> <span class=\"\" title=\"\">Ubezpieczenie nie obejmuje kradzie\u017cy, utraty roweru i uszkodze\u0144 opon.<\/span><\/span><\/p>\n<p>&nbsp;<\/p>\n<h4>6. <span class=\"tlid-translation translation\" lang=\"pl\"><span class=\"\" title=\"\">Przetwarzanie danych osobowych<\/span><\/span><\/h4>\n<p>6.1. <span class=\"tlid-translation translation\" lang=\"pl\"><span class=\"\" title=\"\">Wszyscy dostawcy s\u0105 upowa\u017cnieni do zarz\u0105dzania danymi osobowymi Klienta w zakresie imienia, nazwiska, p\u0142e\u0107, daty urodzenia, adresu domowego, adresu e-mail, po\u0142\u0105czenia telefonicznego w celu wykonania umowy o po\u015brednictwo.<\/span> <span class=\"\" title=\"\">NaCesty jest ponadto upowa\u017cnione do zarz\u0105dzania danymi os\u00f3b, na rzecz kt\u00f3rych umowa zosta\u0142a zawarta, w zakresie imienia, nazwiska, p\u0142ci i daty urodzenia, w celu realizacji umowy o po\u015brednictwo.<\/span><\/span><\/p>\n<p>6.2. <span class=\"tlid-translation translation\" lang=\"pl\"><span class=\"\" title=\"\">Zawieraj\u0105c umow\u0119 o po\u015brednictwo, klient zgadza si\u0119 r\u00f3wnie\u017c na otrzymywanie informacji handlowych zgodnie z ustaw\u0105 nr 480\/2004 Sb. O niekt\u00f3rych us\u0142ugach spo\u0142ecze\u0144stwa informacyjnego na sw\u00f3j elektroniczny adres kontaktowy.<\/span><\/span><\/p>\n<p>6.3. <span class=\"tlid-translation translation\" lang=\"pl\"><span class=\"\" title=\"\">Klient ma prawo wycofa\u0107 zgod\u0119 na otrzymywanie wiadomo\u015bci handlowych, wysy\u0142aj\u0105c wniosek na adres e-mail info@nacesty.cz.<\/span><\/span><\/p>\n<p>&nbsp;<\/p>\n<p>&nbsp;<\/p>\n","protected":false},"excerpt":{"rendered":"<p>Og\u00f3lne warunki handlowe zaktualizowane: 23.4.2020 Dostawca w serwisie rowerowym (dalej Wakacje Rowerowe): SERVICIOS NACESTY MALLORCA S.L. (NaCesty) ID: B16565186 VAT.no : ES B16565186 Trasim\u00e9 7, Playa de Palma, 07600, Spain Dostawca sprzeda\u017cy: NaCesty.cz, s.r.o. ID: 26365570 VAT.no : CZ26365570 Pu\u0161kinova 14, 301 00 Pilsen, Czech Republic Dostawca zakwaterowania: Framotel S.A. Hotel Rei del Mediterrani ID: [&hellip;]<\/p>\n","protected":false},"author":1,"featured_media":0,"parent":0,"menu_order":52,"comment_status":"closed","ping_status":"closed","template":"","meta":{"_acf_changed":false,"footnotes":""},"class_list":["post-497","page","type-page","status-publish","hentry"],"acf":[],"yoast_head":"<!-- This site is optimized with the Yoast SEO plugin v27.4 - https:\/\/yoast.com\/product\/yoast-seo-wordpress\/ -->\n<title>OWH - Bicycle.Holiday<\/title>\n<meta name=\"robots\" content=\"index, follow, max-snippet:-1, max-image-preview:large, max-video-preview:-1\" \/>\n<link rel=\"canonical\" href=\"https:\/\/bicycle.holiday\/pl\/gtc\/\" \/>\n<meta property=\"og:locale\" content=\"pl_PL\" \/>\n<meta property=\"og:type\" content=\"article\" \/>\n<meta property=\"og:title\" content=\"OWH - Bicycle.Holiday\" \/>\n<meta property=\"og:description\" content=\"Og\u00f3lne warunki handlowe zaktualizowane: 23.4.2020 Dostawca w serwisie rowerowym (dalej Wakacje Rowerowe): SERVICIOS NACESTY MALLORCA S.L. (NaCesty) ID: B16565186 VAT.no : ES B16565186 Trasim\u00e9 7, Playa de Palma, 07600, Spain Dostawca sprzeda\u017cy: NaCesty.cz, s.r.o. ID: 26365570 VAT.no : CZ26365570 Pu\u0161kinova 14, 301 00 Pilsen, Czech Republic Dostawca zakwaterowania: Framotel S.A. Hotel Rei del Mediterrani ID: [&hellip;]\" \/>\n<meta property=\"og:url\" content=\"https:\/\/bicycle.holiday\/pl\/gtc\/\" \/>\n<meta property=\"og:site_name\" content=\"Bicycle.Holiday\" \/>\n<meta property=\"article:publisher\" content=\"https:\/\/www.facebook.com\/Bicycle.Holiday\" \/>\n<meta property=\"article:modified_time\" content=\"2020-10-23T10:55:35+00:00\" \/>\n<meta name=\"twitter:card\" content=\"summary_large_image\" \/>\n<meta name=\"twitter:label1\" content=\"Szacowany czas czytania\" \/>\n\t<meta name=\"twitter:data1\" content=\"3 minuty\" \/>\n<script type=\"application\/ld+json\" class=\"yoast-schema-graph\">{\"@context\":\"https:\\\/\\\/schema.org\",\"@graph\":[{\"@type\":\"WebPage\",\"@id\":\"https:\\\/\\\/bicycle.holiday\\\/pl\\\/gtc\\\/\",\"url\":\"https:\\\/\\\/bicycle.holiday\\\/pl\\\/gtc\\\/\",\"name\":\"OWH - Bicycle.Holiday\",\"isPartOf\":{\"@id\":\"https:\\\/\\\/bicycle.holiday\\\/pl\\\/#website\"},\"datePublished\":\"2020-03-31T11:52:41+00:00\",\"dateModified\":\"2020-10-23T10:55:35+00:00\",\"breadcrumb\":{\"@id\":\"https:\\\/\\\/bicycle.holiday\\\/pl\\\/gtc\\\/#breadcrumb\"},\"inLanguage\":\"pl-PL\",\"potentialAction\":[{\"@type\":\"ReadAction\",\"target\":[\"https:\\\/\\\/bicycle.holiday\\\/pl\\\/gtc\\\/\"]}]},{\"@type\":\"BreadcrumbList\",\"@id\":\"https:\\\/\\\/bicycle.holiday\\\/pl\\\/gtc\\\/#breadcrumb\",\"itemListElement\":[{\"@type\":\"ListItem\",\"position\":1,\"name\":\"Home\",\"item\":\"https:\\\/\\\/bicycle.holiday\\\/pl\\\/\"},{\"@type\":\"ListItem\",\"position\":2,\"name\":\"OWH\"}]},{\"@type\":\"WebSite\",\"@id\":\"https:\\\/\\\/bicycle.holiday\\\/pl\\\/#website\",\"url\":\"https:\\\/\\\/bicycle.holiday\\\/pl\\\/\",\"name\":\"www.Bicycle.Holiday\",\"description\":\"Mallorca active holidays with bike\",\"publisher\":{\"@id\":\"https:\\\/\\\/bicycle.holiday\\\/pl\\\/#organization\"},\"potentialAction\":[{\"@type\":\"SearchAction\",\"target\":{\"@type\":\"EntryPoint\",\"urlTemplate\":\"https:\\\/\\\/bicycle.holiday\\\/pl\\\/?s={search_term_string}\"},\"query-input\":{\"@type\":\"PropertyValueSpecification\",\"valueRequired\":true,\"valueName\":\"search_term_string\"}}],\"inLanguage\":\"pl-PL\"},{\"@type\":\"Organization\",\"@id\":\"https:\\\/\\\/bicycle.holiday\\\/pl\\\/#organization\",\"name\":\"Bicycle Holiday\",\"url\":\"https:\\\/\\\/bicycle.holiday\\\/pl\\\/\",\"logo\":{\"@type\":\"ImageObject\",\"inLanguage\":\"pl-PL\",\"@id\":\"https:\\\/\\\/bicycle.holiday\\\/pl\\\/#\\\/schema\\\/logo\\\/image\\\/\",\"url\":\"https:\\\/\\\/bicycle.holiday\\\/wp-content\\\/uploads\\\/2021\\\/09\\\/logo-bicycle-holiday-CTVEREC-FCBK.jpg\",\"contentUrl\":\"https:\\\/\\\/bicycle.holiday\\\/wp-content\\\/uploads\\\/2021\\\/09\\\/logo-bicycle-holiday-CTVEREC-FCBK.jpg\",\"width\":800,\"height\":800,\"caption\":\"Bicycle Holiday\"},\"image\":{\"@id\":\"https:\\\/\\\/bicycle.holiday\\\/pl\\\/#\\\/schema\\\/logo\\\/image\\\/\"},\"sameAs\":[\"https:\\\/\\\/www.facebook.com\\\/Bicycle.Holiday\"]}]}<\/script>\n<!-- \/ Yoast SEO plugin. -->","yoast_head_json":{"title":"OWH - Bicycle.Holiday","robots":{"index":"index","follow":"follow","max-snippet":"max-snippet:-1","max-image-preview":"max-image-preview:large","max-video-preview":"max-video-preview:-1"},"canonical":"https:\/\/bicycle.holiday\/pl\/gtc\/","og_locale":"pl_PL","og_type":"article","og_title":"OWH - Bicycle.Holiday","og_description":"Og\u00f3lne warunki handlowe zaktualizowane: 23.4.2020 Dostawca w serwisie rowerowym (dalej Wakacje Rowerowe): SERVICIOS NACESTY MALLORCA S.L. (NaCesty) ID: B16565186 VAT.no : ES B16565186 Trasim\u00e9 7, Playa de Palma, 07600, Spain Dostawca sprzeda\u017cy: NaCesty.cz, s.r.o. ID: 26365570 VAT.no : CZ26365570 Pu\u0161kinova 14, 301 00 Pilsen, Czech Republic Dostawca zakwaterowania: Framotel S.A. Hotel Rei del Mediterrani ID: [&hellip;]","og_url":"https:\/\/bicycle.holiday\/pl\/gtc\/","og_site_name":"Bicycle.Holiday","article_publisher":"https:\/\/www.facebook.com\/Bicycle.Holiday","article_modified_time":"2020-10-23T10:55:35+00:00","twitter_card":"summary_large_image","twitter_misc":{"Szacowany czas czytania":"3 minuty"},"schema":{"@context":"https:\/\/schema.org","@graph":[{"@type":"WebPage","@id":"https:\/\/bicycle.holiday\/pl\/gtc\/","url":"https:\/\/bicycle.holiday\/pl\/gtc\/","name":"OWH - Bicycle.Holiday","isPartOf":{"@id":"https:\/\/bicycle.holiday\/pl\/#website"},"datePublished":"2020-03-31T11:52:41+00:00","dateModified":"2020-10-23T10:55:35+00:00","breadcrumb":{"@id":"https:\/\/bicycle.holiday\/pl\/gtc\/#breadcrumb"},"inLanguage":"pl-PL","potentialAction":[{"@type":"ReadAction","target":["https:\/\/bicycle.holiday\/pl\/gtc\/"]}]},{"@type":"BreadcrumbList","@id":"https:\/\/bicycle.holiday\/pl\/gtc\/#breadcrumb","itemListElement":[{"@type":"ListItem","position":1,"name":"Home","item":"https:\/\/bicycle.holiday\/pl\/"},{"@type":"ListItem","position":2,"name":"OWH"}]},{"@type":"WebSite","@id":"https:\/\/bicycle.holiday\/pl\/#website","url":"https:\/\/bicycle.holiday\/pl\/","name":"www.Bicycle.Holiday","description":"Mallorca active holidays with bike","publisher":{"@id":"https:\/\/bicycle.holiday\/pl\/#organization"},"potentialAction":[{"@type":"SearchAction","target":{"@type":"EntryPoint","urlTemplate":"https:\/\/bicycle.holiday\/pl\/?s={search_term_string}"},"query-input":{"@type":"PropertyValueSpecification","valueRequired":true,"valueName":"search_term_string"}}],"inLanguage":"pl-PL"},{"@type":"Organization","@id":"https:\/\/bicycle.holiday\/pl\/#organization","name":"Bicycle Holiday","url":"https:\/\/bicycle.holiday\/pl\/","logo":{"@type":"ImageObject","inLanguage":"pl-PL","@id":"https:\/\/bicycle.holiday\/pl\/#\/schema\/logo\/image\/","url":"https:\/\/bicycle.holiday\/wp-content\/uploads\/2021\/09\/logo-bicycle-holiday-CTVEREC-FCBK.jpg","contentUrl":"https:\/\/bicycle.holiday\/wp-content\/uploads\/2021\/09\/logo-bicycle-holiday-CTVEREC-FCBK.jpg","width":800,"height":800,"caption":"Bicycle Holiday"},"image":{"@id":"https:\/\/bicycle.holiday\/pl\/#\/schema\/logo\/image\/"},"sameAs":["https:\/\/www.facebook.com\/Bicycle.Holiday"]}]}},"_links":{"self":[{"href":"https:\/\/bicycle.holiday\/pl\/wp-json\/wp\/v2\/pages\/497","targetHints":{"allow":["GET"]}}],"collection":[{"href":"https:\/\/bicycle.holiday\/pl\/wp-json\/wp\/v2\/pages"}],"about":[{"href":"https:\/\/bicycle.holiday\/pl\/wp-json\/wp\/v2\/types\/page"}],"author":[{"embeddable":true,"href":"https:\/\/bicycle.holiday\/pl\/wp-json\/wp\/v2\/users\/1"}],"replies":[{"embeddable":true,"href":"https:\/\/bicycle.holiday\/pl\/wp-json\/wp\/v2\/comments?post=497"}],"version-history":[{"count":5,"href":"https:\/\/bicycle.holiday\/pl\/wp-json\/wp\/v2\/pages\/497\/revisions"}],"predecessor-version":[{"id":2650,"href":"https:\/\/bicycle.holiday\/pl\/wp-json\/wp\/v2\/pages\/497\/revisions\/2650"}],"wp:attachment":[{"href":"https:\/\/bicycle.holiday\/pl\/wp-json\/wp\/v2\/media?parent=497"}],"curies":[{"name":"wp","href":"https:\/\/api.w.org\/{rel}","templated":true}]}}