{"id":431,"date":"2020-03-31T13:48:53","date_gmt":"2020-03-31T11:48:53","guid":{"rendered":"https:\/\/bicycle.holiday\/?page_id=431"},"modified":"2020-10-23T12:55:30","modified_gmt":"2020-10-23T10:55:30","slug":"faq-2","status":"publish","type":"page","link":"https:\/\/bicycle.holiday\/pl\/faq-2\/","title":{"rendered":"FAQ"},"content":{"rendered":"<h2><b>FAQ<\/b><\/h2>\n<p><b><span class=\"tlid-translation translation\" lang=\"pl\"><span class=\"\" title=\"\">Jakie rowery s\u0105 dost\u0119pne?<\/span><\/span><\/b><\/p>\n<p><span class=\"tlid-translation translation\" lang=\"pl\"><span title=\"\">Posiadamy du\u017cy wyb\u00f3r rower\u00f3w do wynaj\u0119cia &#8211; od wygodnych rower\u00f3w aluminiowych i elektrycznych po rowery szosowe z ram\u0105 karbonow\u0105 i hamulcami hydraulicznymi lub standardowymi.<\/span> <span class=\"\" title=\"\">Ofert\u0119 znajdziesz<\/span><\/span> <a href=\"https:\/\/bicycle.holiday\/pl\/wypozyczalnia-rowerow\/\">tutaj<\/a>.<\/p>\n<p><b><span class=\"tlid-translation translation\" lang=\"pl\"><span class=\"\" title=\"\">Co obejmuje moja cena wynajmu?<\/span><\/span><\/b><\/p>\n<p><span class=\"tlid-translation translation\" lang=\"pl\"><span title=\"\">Dostosujemy rower specjalnie dla Ciebie.<\/span> <span class=\"\" title=\"\">W zale\u017cno\u015bci od wielko\u015bci sylwetki, przygotujemy odpowiedni rower, wyregulujemy siode\u0142ko i wyposa\u017cymy go w pompk\u0119, zapasow\u0105 d\u0119tk\u0119, zestaw do naprawy roweru (\u0142atki i klej) oraz komputer rowerowy Sigma.<\/span> <span class=\"\" title=\"\">Ka\u017cdy rower ma r\u00f3wnie\u017c 2 kosze na butelki do picia.<\/span> <span class=\"\" title=\"\">Otrzymasz r\u00f3wnie\u017c od nas bezp\u0142atn\u0105 map\u0119 z zalecanymi trasami rozpoczynaj\u0105cymi si\u0119 w centrum rowerowym.<\/span>\u00a0<span class=\"\" title=\"\">Dost\u0119pne s\u0105 napoje jonowe, drobne us\u0142ugi mechaniczne, box do mycia, wypo\u017cyczalnia narz\u0119dzi i kompresor.<\/span><\/span><\/p>\n<p><span class=\"tlid-translation translation\" lang=\"pl\"><span title=\"\">W przypadku wypo\u017cyczenia roweru na d\u0142u\u017cszy okres otrzymasz r\u00f3wnie\u017c <span class=\"\" title=\"\">k\u0142\u00f3dk<\/span><span class=\"\" title=\"\">\u0119<\/span> do bezpiecznego parkowania w centrum rowerowym za zwrotn\u0105 kaucj\u0105 w wysoko\u015bci 10 \u20ac.<\/span> <span class=\"\" title=\"\">Kaucja za <span title=\"\">k\u0142\u00f3dk\u0119<\/span> zostanie zwr\u00f3cona po zwr\u00f3ceniu ko\u0142a i <span title=\"\">k\u0142\u00f3dki<\/span>.<\/span><\/span><\/p>\n<p><b><span class=\"tlid-translation translation\" lang=\"pl\"><span class=\"\" title=\"\">Ile kosztuje wypo\u017cyczenie roweru?<\/span><\/span><\/b><\/p>\n<p><span class=\"tlid-translation translation\" lang=\"pl\"><span class=\"\" title=\"\">Cena wynajmu zale\u017cy od typu roweru i d\u0142ugo\u015bci wynajmu.<\/span> <span class=\"\" title=\"\">Aktualny cennik mo\u017cna znale\u017a\u0107<\/span><\/span> <a href=\"https:\/\/bicycle.holiday\/pl\/wypozyczalnia-rowerow\/\">tutaj<\/a>.<\/p>\n<p><b>J<span class=\"tlid-translation translation\" lang=\"pl\"><span class=\"\" title=\"\">est mo\u017cliwe wypo\u017cyczy\u0107 rower tylko na p\u00f3\u0142 dnia<\/span><\/span>?<\/b><\/p>\n<p><span class=\"tlid-translation translation\" lang=\"pl\"><span class=\"\" title=\"\">Ta opcja nie jest mo\u017cliwa<\/span><\/span>.<\/p>\n<p><b><span class=\"tlid-translation translation\" lang=\"pl\"><span class=\"\" title=\"\">Czy mog\u0119 wypo\u017cyczy\u0107 rower w r\u00f3\u017cne dni, a nie w jednym kawa\u0142ku?<\/span><\/span><\/b><\/p>\n<p><span class=\"tlid-translation translation\" lang=\"pl\"><span class=\"\" title=\"\">Tak, ale ta opcja zawsze zale\u017cy od aktualnej dost\u0119pno\u015bci rower\u00f3w<\/span><\/span>.<\/p>\n<p><b>Jakie urz\u0105dzenie jest wliczone w cen\u0119 roweru? <span class=\"tlid-translation translation\" lang=\"pl\"><span class=\"\" title=\"\">Co powinienem przynie\u015b\u0107, je\u015bli wynajm\u0119 rower<\/span><\/span>?<\/b><\/p>\n<p><span class=\"tlid-translation translation\" lang=\"pl\"><span class=\"\" title=\"\">Rower wyposa\u017cony jest w: komputer, pompk\u0119, zapasow\u0105 d\u0119tk\u0119.<\/span> <span class=\"\" title=\"\">Musisz u\u017cywa\u0107 w\u0142asnych peda\u0142\u00f3w i <\/span><\/span><span class=\"tlid-translation translation\" lang=\"pl\"><span class=\"\" title=\"\">kasku<\/span><\/span>.<\/p>\n<p><b><span class=\"tlid-translation translation\" lang=\"pl\"><span class=\"\" title=\"\">Czy oferujecie rowery dzieci\u0119ce, tylne siedzenia lub przyczepy rowerowe dla dzieci?<\/span><\/span>?<\/b><\/p>\n<p><span class=\"tlid-translation translation\" lang=\"pl\"><span class=\"\" title=\"\">Nie oferujemy rower\u00f3w dzieci\u0119cych, tylne siedzenia ani przyczepek<\/span><\/span>.<\/p>\n<p><b><span class=\"tlid-translation translation\" lang=\"pl\"><span class=\"\" title=\"\">Czy oferujecie rowery g\u00f3rskie?<\/span><\/span>?<\/b><\/p>\n<p><span class=\"tlid-translation translation\" lang=\"pl\"><span class=\"\" title=\"\">Nie oferujemy rower\u00f3w g\u00f3rskich<\/span><\/span>.<\/p>\n<p><b><span class=\"tlid-translation translation\" lang=\"pl\"><span class=\"\" title=\"\">Co dok\u0142adnie oznacza \u201edzie\u0144 po\u017cyczki\u201d?<\/span><\/span><\/b><\/p>\n<p><span class=\"tlid-translation translation\" lang=\"pl\"><span class=\"\" title=\"\">Wypo\u017cyczenie roweru rozpoczyna si\u0119 o 09:00.<\/span> <span class=\"\" title=\"\">Rowery nale\u017cy zwr\u00f3ci\u0107 najp\u00f3\u017aniej o 17:00<\/span><\/span>.<\/p>\n<p><b><span class=\"tlid-translation translation\" lang=\"pl\"><span class=\"\" title=\"\">Czy oferujecie k\u0142\u00f3dk\u0119 rowerow\u0105?<\/span><\/span><\/b><\/p>\n<p><span class=\"tlid-translation translation\" lang=\"pl\"><span class=\"\" title=\"\">Mamy ograniczon\u0105 liczb\u0119 dost\u0119pnych k\u0142\u00f3dek rowerowych.<\/span> <span title=\"\">Dlatego zawsze nale\u017cy wcze\u015bniej sprawdzi\u0107 ich dost\u0119pno\u015b\u0107<\/span><\/span>.<\/p>\n<p><b><span class=\"tlid-translation translation\" lang=\"pl\"><span class=\"\" title=\"\">Co si\u0119 stanie, je\u015bli nie zwr\u00f3c\u0119 roweru na czas?<\/span><\/span><\/b><\/p>\n<p><span class=\"tlid-translation translation\" lang=\"pl\"><span class=\"\" title=\"\">Rower nale\u017cy zwr\u00f3ci\u0107 czysty, nieuszkodzony i na czas najp\u00f3\u017aniej do godziny 17:00.<\/span> <span class=\"\" title=\"\">Dost\u0119pny jest box do mycia rower\u00f3w, kt\u00f3ry znajduje si\u0119 na zewn\u0105trz przy centrum rowerowym.<\/span> <span class=\"\" title=\"\">Je\u015bli przyjedziesz p\u00f3\u017aniej, wymagana b\u0119dzie op\u0142ata w wysoko\u015bci 10 \u20ac.<\/span> <span class=\"\" title=\"\">Centrum rowerowe zamyka si\u0119 o 18:30 i jest to najp\u00f3\u017aniejszy termin zwrotu wypo\u017cyczonego roweru.<\/span><\/span><\/p>\n<p><b><span class=\"tlid-translation translation\" lang=\"pl\"><span title=\"\">Czy jest dost\u0119pne jakie\u015b ubezpieczenie?<\/span><\/span>?<\/b><\/p>\n<p><span class=\"tlid-translation translation\" lang=\"pl\"><span title=\"\">Rower jest ubezpieczony od wszelkich szk\u00f3d w razie wypadku.<\/span> <span title=\"\">Ubezpieczenie nie obejmuje kradzie\u017cy ko\u0142a, utraty ko\u0142a i uszkodze\u0144 opon.<\/span> <span class=\"\" title=\"\">W przypadku zgubienia lub kradzie\u017cy roweru nale\u017cy zap\u0142aci\u0107 cen\u0119 roweru w wysoko\u015bci ceny sprzeda\u017cy.<\/span> <span title=\"\">Opona zapasowa kosztuje 5 \u20ac.<\/span><\/span><\/p>\n<p><b><span class=\"tlid-translation translation\" lang=\"pl\"><span title=\"\">Co si\u0119 stanie, je\u015bli nie mog\u0119 przyjecha\u0107?<\/span> <span class=\"\" title=\"\">Jak mog\u0119 anulowa\u0107 rezerwacj\u0119?<\/span><\/span>?<\/b><\/p>\n<p><span class=\"tlid-translation translation\" lang=\"pl\"><span title=\"\">Mo\u017cliwe s\u0105 zmiany w wypo\u017cyczaniu rower\u00f3w.<\/span> <span class=\"\" title=\"\">Za ka\u017cd\u0105 zmian\u0119, kt\u00f3ra skutkuje wypo\u017cyczeniem roweru na kr\u00f3tszy okres lub wypo\u017cyczeniem ta\u0144szego modelu, pobieramy 10 \u20ac za wypo\u017cyczenie.<\/span> <span class=\"\" title=\"\">Nie ma op\u0142aty, je\u015bli d\u0142ugo\u015b\u0107 wypo\u017cyczenia jest d\u0142u\u017csza lub wypo\u017cyczasz dro\u017cszy model roweru.<\/span><\/span><\/p>\n<p><span class=\"tlid-translation translation\" lang=\"pl\"><span class=\"\" title=\"\">Zasady anulowania rezerwacji: 3 lub wi\u0119cej dni przed przyjazdem op\u0142ata wynosi 10 EUR za po\u017cyczk\u0119, 2 lub mniej dni przed przyjazdem op\u0142ata wynosi 80% ceny wynajmu, ale maksymalnie 70 EUR.<\/span> <span class=\"\" title=\"\">Op\u0142aty za zmiany i anulacje s\u0105 pobierane z g\u00f3ry przez partnera biznesowego.<\/span><\/span><\/p>\n<p><b><span class=\"tlid-translation translation\" lang=\"pl\"><span class=\"\" title=\"\">Kiedy zabieram w\u0142asny rower, b\u0119dzie w warsztacie wolne miejsce parkingowe<\/span><\/span>?<\/b><\/p>\n<p><span class=\"tlid-translation translation\" lang=\"pl\"><span title=\"\">Tak.<\/span> <span title=\"\">Centrum rowerowe mo\u017ce pomie\u015bci\u0107 do 440 hak\u00f3w na rowery.<\/span> <span class=\"\" title=\"\">Zawsze zapewnimy ci miejsce na rower<\/span><\/span>.<\/p>\n<p><b><span class=\"tlid-translation translation\" lang=\"pl\"><span class=\"\" title=\"\">Czy m\u00f3j rower jest bezpieczny<\/span><\/span>?<\/b><\/p>\n<p><span class=\"tlid-translation translation\" lang=\"pl\"><span title=\"\">Centrum rowerowe jest chronione systemem kamer i wyposa\u017cone w alarm.<\/span> <span class=\"\" title=\"\">Wszystkie ko\u0142a s\u0105 na noc zabezpieczone stalowym kablem zabezpieczaj\u0105cym.<\/span> <span class=\"\" title=\"\">Rower mo\u017cesz r\u00f3wnie\u017c zabezpieczy\u0107 k\u0142\u00f3dk\u0105, kt\u00f3r\u0105 otrzymasz w warsztacie rowerowym.<\/span><\/span><\/p>\n<p><b><span class=\"tlid-translation translation\" lang=\"pl\"><span class=\"\" title=\"\">Czy trzeba zarezerwowa\u0107 rower online?<\/span><\/span><\/b><\/p>\n<p><span class=\"tlid-translation translation\" lang=\"pl\"><span class=\"\" title=\"\">Rowery mo\u017cna zarezerwowa\u0107 online lub na miejscu.<\/span> <\/span><span class=\"tlid-translation translation\" lang=\"pl\"><span class=\"\" title=\"\">Je\u015bli jednak dokonasz rezerwacji na miejscu, mo\u017cemy nie mie\u0107 Twojego rozmiaru roweru<\/span><\/span>.<\/p>\n<p><b><span class=\"tlid-translation translation\" lang=\"pl\"><span title=\"\">Nie jestem pewien, jaki rozmiar roweru mam wynaj\u0105\u0107.<\/span> M<span class=\"\" title=\"\">ogliby\u015bcie mi pom\u00f3c wybra\u0107 odpowiedni rozmiar?<\/span><\/span><\/b><\/p>\n<p><span class=\"tlid-translation translation\" lang=\"pl\"><span title=\"\">Oczywi\u015bcie.<\/span> <span class=\"\" title=\"\">Z przyjemno\u015bci\u0105 pomo\u017cemy Ci znale\u017a\u0107 odpowiedni rozmiar roweru.<\/span> <span class=\"\" title=\"\">Musimy tylko zna\u0107 tw\u00f3j wzrost<\/span><\/span>.<\/p>\n<p><b><span class=\"tlid-translation translation\" lang=\"pl\"><span class=\"\" title=\"\">Czy oferujecie jaki\u015b transport, aby rowerzy\u015bci mogli je\u017adzi\u0107 po r\u00f3\u017cnych trasach wok\u00f3\u0142 wyspy?<\/span><\/span><\/b><\/p>\n<p><span class=\"tlid-translation translation\" lang=\"pl\"><span title=\"\">Tak.<\/span> C<span class=\"\" title=\"\"><span title=\"\">h\u0119tnie<\/span>\u0105 zorganizujemy transfer w dowolne miejsce na wyspie<\/span><\/span>.<\/p>\n<p><b><span class=\"tlid-translation translation\" lang=\"pl\"><span class=\"\" title=\"\">Jakie s\u0105 ceny transportu<\/span><\/span>?<\/b><\/p>\n<table style=\"width: 95.0717%; height: 64px;\" border=\"1\">\n<tbody>\n<tr>\n<td style=\"width: 23.5648%; border-style: solid;\">\n<div class=\"text-wrap tlid-copy-target\">\n<div class=\"result-shield-container tlid-copy-target\" tabindex=\"0\"><span class=\"tlid-translation translation\" lang=\"pl\"><span class=\"\" title=\"\">Liczba pasa\u017cer\u00f3w<\/span><\/span><\/div>\n<\/div>\n<\/td>\n<td style=\"width: 9.23079%; border-style: solid; text-align: center;\">1<\/td>\n<td style=\"width: 9.11319%; border-style: solid; text-align: center;\">2<\/td>\n<td style=\"width: 7.89994%; border-style: solid; text-align: center;\">3<\/td>\n<td style=\"width: 7.55722%; border-style: solid; text-align: center;\">4<\/td>\n<td style=\"width: 7.65977%; border-style: solid; text-align: center;\">5<\/td>\n<td style=\"width: 9.0281%; border-style: solid; text-align: center;\">6<\/td>\n<td style=\"width: 9.43842%; border-style: solid; text-align: center;\">7<\/td>\n<td style=\"width: 94.1815%; border-style: solid; text-align: center;\"><span class=\"tlid-translation translation\" lang=\"pl\"><span class=\"\" title=\"\">nast\u0119pny pasa\u017cer<\/span><\/span><\/td>\n<\/tr>\n<tr>\n<td style=\"width: 23.5648%; border-style: solid;\"><span class=\"tlid-translation translation\" lang=\"pl\"><span class=\"\" title=\"\">Cena za pasa\u017cera<\/span><\/span><\/td>\n<td style=\"width: 9.23079%; border-style: solid; text-align: center;\">112 \u20ac<\/td>\n<td style=\"width: 9.11319%; border-style: solid; text-align: center;\">56 \u20ac<\/td>\n<td style=\"width: 7.89994%; border-style: solid; text-align: center;\">37 \u20ac<\/td>\n<td style=\"width: 7.55722%; border-style: solid; text-align: center;\">28 \u20ac<\/td>\n<td style=\"width: 7.65977%; border-style: solid; text-align: center;\">22 \u20ac<\/td>\n<td style=\"width: 9.0281%; border-style: solid; text-align: center;\">19 \u20ac<\/td>\n<td style=\"width: 9.43842%; border-style: solid; text-align: center;\">16 \u20ac<\/td>\n<td style=\"width: 94.1815%; border-style: solid; text-align: center;\">+16 \u20ac<\/td>\n<\/tr>\n<\/tbody>\n<\/table>\n<p><span class=\"tlid-translation translation\" lang=\"pl\"><span class=\"\" title=\"\">Ceny obowi\u0105zuj\u0105 na ca\u0142ej wyspie i obejmuj\u0105 bezpieczny transport rower\u00f3w w specjalnej przyczepce rowerowej<\/span><\/span>.<\/p>\n<p><b><span class=\"tlid-translation translation\" lang=\"pl\"><span class=\"\" title=\"\">Co si\u0119 stanie, je\u015bli b\u0119d\u0119 mia\u0142 wypadek na rowerze?<\/span><\/span><\/b><\/p>\n<p><span class=\"tlid-translation translation\" lang=\"pl\"><span class=\"\" title=\"\">Otrzymasz od nas numer telefonu, z kt\u00f3rego mo\u017cesz skorzysta\u0107 w nag\u0142ych przypadkach.<\/span><\/span> <span class=\"tlid-translation translation\" lang=\"pl\"><span class=\"\" title=\"\">Nasz zesp\u00f3\u0142 Ci wtedy pomo\u017ce.<\/span><\/span><\/p>\n<p><b><span class=\"tlid-translation translation\" lang=\"pl\"><span class=\"\" title=\"\">Czy mo\u017cecie poleci\u0107 jakie\u015b trasy na wyspie?<\/span><\/span>?<\/b><\/p>\n<p><span class=\"tlid-translation translation\" lang=\"pl\"><span title=\"\">Tak.<\/span> <span class=\"\" title=\"\">Z przyjemno\u015bci\u0105 udost\u0119pnimy Ci stworzon\u0105 przez nas map\u0119 rowerow\u0105 lub mo\u017cesz <span class=\"gt-baf-term-text\"><span class=\"gt-baf-cell gt-baf-word-clickable\">\u015bci\u0105ga\u0107<\/span><\/span> trasy w formacie .gpx<\/span><\/span>.<\/p>\n<p><span class=\"tlid-translation translation\" lang=\"pl\"><span class=\"\" title=\"\">Zobacz zalecane trasy<\/span><\/span> <a href=\"https:\/\/bicycle.holiday\/pl\/trasy-i-wycieczki\/\">tutaj<\/a> <span class=\"tlid-translation translation\" lang=\"pl\"><span class=\"\" title=\"\">lub po prostu \u015bci\u0105gnij wszystkie trasy<\/span><\/span> <a href=\"https:\/\/bicycle.holiday\/wp-content\/uploads\/2020\/04\/Routes.zip\">tutaj<\/a>.<\/p>\n<p><b>Czy oferujecie wyposa\u017cenie rowerowe, taki jak butelki na wod<span class=\"tlid-translation translation\" lang=\"pl\"><span class=\"\" title=\"\">\u0119<\/span><\/span> i mapy??<\/b><\/p>\n<p><span class=\"tlid-translation translation\" lang=\"pl\"><span class=\"\" title=\"\">Tak.<\/span> <span class=\"\" title=\"\">Butelki na wod\u0119 s\u0105 dost\u0119pne za 5 \u20ac.<\/span> <span class=\"\" title=\"\">Mapy rowerowe s\u0105 udost\u0119pniane bezp\u0142atnie<\/span><\/span>.<\/p>\n<p><b><span class=\"tlid-translation translation\" lang=\"pl\"><span class=\"\" title=\"\">Jakimi j\u0119zykami m\u00f3wicie?<\/span><\/span>?<\/b><\/p>\n<p>Po czesku, <span class=\"tlid-translation translation\" lang=\"pl\"><span class=\"\" title=\"\">angielsku<\/span><\/span> i <span class=\"tlid-translation translation\" lang=\"pl\"><span class=\"\" title=\"\">hiszpa\u0144sku<\/span><\/span>.<\/p>\n<p><b><span class=\"tlid-translation translation\" lang=\"pl\"><span class=\"\" title=\"\">Jakie s\u0105 godziny otwarcia?<\/span><\/span><\/b><\/p>\n<p>W<span class=\"tlid-translation translation\" lang=\"pl\"><span class=\"\" title=\"\">czasie obozu rowerowego jeste\u015bmy otwarci codziennie od 9:00 do 12:00<\/span> <span class=\"\" title=\"\">i od 15:00<\/span> <span class=\"\" title=\"\">&#8211; 18:30<\/span><\/span>.<\/p>\n<p><span class=\"tlid-translation translation\" lang=\"pl\"><span class=\"\" title=\"\">Jesienny ob\u00f3z rowerowy 2020: 14.09.2020 &#8211; 27.10.2020.<\/span><\/span><\/p>\n<p><span class=\"tlid-translation translation\" lang=\"pl\"><span title=\"\">Wiosenny ob\u00f3z rowerowy 2021: Hotel Caballero: 19.2.-26.3.2021, Hotel Rei del Mediterrani Palace 26.3.-14.5.2021<\/span><\/span><\/p>\n<p><b><span class=\"tlid-translation translation\" lang=\"pl\"><span class=\"\" title=\"\">Czy drogi na Majorce s\u0105 bezpieczne dla rowerzyst\u00f3w?<\/span><\/span><\/b><\/p>\n<p><span class=\"tlid-translation translation\" lang=\"pl\"><span title=\"\">Tak.<\/span> <span class=\"\" title=\"\">Na Majorce istniej\u0105 niezliczone ciche, bezpieczne trasy rowerowe dla rowerzyst\u00f3w.<\/span> <span class=\"\" title=\"\">Ponadto drogi g\u0142\u00f3wne i pomocnicze maj\u0105 wysokiej jako\u015bci nawierzchni\u0119 asfaltow\u0105, a kierowcy s\u0105 rozwa\u017cni.<\/span> <span class=\"\" title=\"\">Doradzimy, dok\u0105d si\u0119 uda\u0107.<\/span><\/span><\/p>\n<p><b><span class=\"tlid-translation translation\" lang=\"pl\"><span class=\"\" title=\"\">Jakie s\u0105 zasady ruchu drogowego?<\/span><\/span>?<\/b><\/p>\n<p><span class=\"tlid-translation translation\" lang=\"pl\"><span class=\"\" title=\"\">W miastach noszenie kask\u00f3w rowerowych jest obowi\u0105zkowe dla os\u00f3b poni\u017cej 16 roku \u017cycia, a poza miastem obowi\u0105zek ten dotyczy wszystkich bez wyj\u0105tku.<\/span> <span class=\"\" title=\"\">Nieu\u017cywanie kasku b\u0119dzie karane grzywn\u0105 przez policj\u0119.<\/span><\/span><\/p>\n","protected":false},"excerpt":{"rendered":"<p>FAQ Jakie rowery s\u0105 dost\u0119pne? Posiadamy du\u017cy wyb\u00f3r rower\u00f3w do wynaj\u0119cia &#8211; od wygodnych rower\u00f3w aluminiowych i elektrycznych po rowery szosowe z ram\u0105 karbonow\u0105 i hamulcami hydraulicznymi lub standardowymi. Ofert\u0119 znajdziesz tutaj. Co obejmuje moja cena wynajmu? Dostosujemy rower specjalnie dla Ciebie. W zale\u017cno\u015bci od wielko\u015bci sylwetki, przygotujemy odpowiedni rower, wyregulujemy siode\u0142ko i wyposa\u017cymy go [&hellip;]<\/p>\n","protected":false},"author":1,"featured_media":0,"parent":0,"menu_order":44,"comment_status":"closed","ping_status":"closed","template":"","meta":{"_acf_changed":false,"footnotes":""},"class_list":["post-431","page","type-page","status-publish","hentry"],"acf":[],"yoast_head":"<!-- This site is optimized with the Yoast SEO plugin v27.4 - https:\/\/yoast.com\/product\/yoast-seo-wordpress\/ -->\n<title>FAQ - Bicycle.Holiday<\/title>\n<meta name=\"robots\" content=\"index, follow, max-snippet:-1, max-image-preview:large, max-video-preview:-1\" \/>\n<link rel=\"canonical\" href=\"https:\/\/bicycle.holiday\/pl\/faq-2\/\" \/>\n<meta property=\"og:locale\" content=\"pl_PL\" \/>\n<meta property=\"og:type\" content=\"article\" \/>\n<meta property=\"og:title\" content=\"FAQ - Bicycle.Holiday\" \/>\n<meta property=\"og:description\" content=\"FAQ Jakie rowery s\u0105 dost\u0119pne? Posiadamy du\u017cy wyb\u00f3r rower\u00f3w do wynaj\u0119cia &#8211; od wygodnych rower\u00f3w aluminiowych i elektrycznych po rowery szosowe z ram\u0105 karbonow\u0105 i hamulcami hydraulicznymi lub standardowymi. Ofert\u0119 znajdziesz tutaj. Co obejmuje moja cena wynajmu? Dostosujemy rower specjalnie dla Ciebie. W zale\u017cno\u015bci od wielko\u015bci sylwetki, przygotujemy odpowiedni rower, wyregulujemy siode\u0142ko i wyposa\u017cymy go [&hellip;]\" \/>\n<meta property=\"og:url\" content=\"https:\/\/bicycle.holiday\/pl\/faq-2\/\" \/>\n<meta property=\"og:site_name\" content=\"Bicycle.Holiday\" \/>\n<meta property=\"article:publisher\" content=\"https:\/\/www.facebook.com\/Bicycle.Holiday\" \/>\n<meta property=\"article:modified_time\" content=\"2020-10-23T10:55:30+00:00\" \/>\n<meta name=\"twitter:card\" content=\"summary_large_image\" \/>\n<meta name=\"twitter:label1\" content=\"Szacowany czas czytania\" \/>\n\t<meta name=\"twitter:data1\" content=\"5 minut\" \/>\n<script type=\"application\/ld+json\" class=\"yoast-schema-graph\">{\"@context\":\"https:\\\/\\\/schema.org\",\"@graph\":[{\"@type\":\"WebPage\",\"@id\":\"https:\\\/\\\/bicycle.holiday\\\/pl\\\/faq-2\\\/\",\"url\":\"https:\\\/\\\/bicycle.holiday\\\/pl\\\/faq-2\\\/\",\"name\":\"FAQ - Bicycle.Holiday\",\"isPartOf\":{\"@id\":\"https:\\\/\\\/bicycle.holiday\\\/pl\\\/#website\"},\"datePublished\":\"2020-03-31T11:48:53+00:00\",\"dateModified\":\"2020-10-23T10:55:30+00:00\",\"breadcrumb\":{\"@id\":\"https:\\\/\\\/bicycle.holiday\\\/pl\\\/faq-2\\\/#breadcrumb\"},\"inLanguage\":\"pl-PL\",\"potentialAction\":[{\"@type\":\"ReadAction\",\"target\":[\"https:\\\/\\\/bicycle.holiday\\\/pl\\\/faq-2\\\/\"]}]},{\"@type\":\"BreadcrumbList\",\"@id\":\"https:\\\/\\\/bicycle.holiday\\\/pl\\\/faq-2\\\/#breadcrumb\",\"itemListElement\":[{\"@type\":\"ListItem\",\"position\":1,\"name\":\"Home\",\"item\":\"https:\\\/\\\/bicycle.holiday\\\/pl\\\/\"},{\"@type\":\"ListItem\",\"position\":2,\"name\":\"FAQ\"}]},{\"@type\":\"WebSite\",\"@id\":\"https:\\\/\\\/bicycle.holiday\\\/pl\\\/#website\",\"url\":\"https:\\\/\\\/bicycle.holiday\\\/pl\\\/\",\"name\":\"www.Bicycle.Holiday\",\"description\":\"Mallorca active holidays with bike\",\"publisher\":{\"@id\":\"https:\\\/\\\/bicycle.holiday\\\/pl\\\/#organization\"},\"potentialAction\":[{\"@type\":\"SearchAction\",\"target\":{\"@type\":\"EntryPoint\",\"urlTemplate\":\"https:\\\/\\\/bicycle.holiday\\\/pl\\\/?s={search_term_string}\"},\"query-input\":{\"@type\":\"PropertyValueSpecification\",\"valueRequired\":true,\"valueName\":\"search_term_string\"}}],\"inLanguage\":\"pl-PL\"},{\"@type\":\"Organization\",\"@id\":\"https:\\\/\\\/bicycle.holiday\\\/pl\\\/#organization\",\"name\":\"Bicycle Holiday\",\"url\":\"https:\\\/\\\/bicycle.holiday\\\/pl\\\/\",\"logo\":{\"@type\":\"ImageObject\",\"inLanguage\":\"pl-PL\",\"@id\":\"https:\\\/\\\/bicycle.holiday\\\/pl\\\/#\\\/schema\\\/logo\\\/image\\\/\",\"url\":\"https:\\\/\\\/bicycle.holiday\\\/wp-content\\\/uploads\\\/2021\\\/09\\\/logo-bicycle-holiday-CTVEREC-FCBK.jpg\",\"contentUrl\":\"https:\\\/\\\/bicycle.holiday\\\/wp-content\\\/uploads\\\/2021\\\/09\\\/logo-bicycle-holiday-CTVEREC-FCBK.jpg\",\"width\":800,\"height\":800,\"caption\":\"Bicycle Holiday\"},\"image\":{\"@id\":\"https:\\\/\\\/bicycle.holiday\\\/pl\\\/#\\\/schema\\\/logo\\\/image\\\/\"},\"sameAs\":[\"https:\\\/\\\/www.facebook.com\\\/Bicycle.Holiday\"]}]}<\/script>\n<!-- \/ Yoast SEO plugin. -->","yoast_head_json":{"title":"FAQ - Bicycle.Holiday","robots":{"index":"index","follow":"follow","max-snippet":"max-snippet:-1","max-image-preview":"max-image-preview:large","max-video-preview":"max-video-preview:-1"},"canonical":"https:\/\/bicycle.holiday\/pl\/faq-2\/","og_locale":"pl_PL","og_type":"article","og_title":"FAQ - Bicycle.Holiday","og_description":"FAQ Jakie rowery s\u0105 dost\u0119pne? Posiadamy du\u017cy wyb\u00f3r rower\u00f3w do wynaj\u0119cia &#8211; od wygodnych rower\u00f3w aluminiowych i elektrycznych po rowery szosowe z ram\u0105 karbonow\u0105 i hamulcami hydraulicznymi lub standardowymi. Ofert\u0119 znajdziesz tutaj. Co obejmuje moja cena wynajmu? Dostosujemy rower specjalnie dla Ciebie. W zale\u017cno\u015bci od wielko\u015bci sylwetki, przygotujemy odpowiedni rower, wyregulujemy siode\u0142ko i wyposa\u017cymy go [&hellip;]","og_url":"https:\/\/bicycle.holiday\/pl\/faq-2\/","og_site_name":"Bicycle.Holiday","article_publisher":"https:\/\/www.facebook.com\/Bicycle.Holiday","article_modified_time":"2020-10-23T10:55:30+00:00","twitter_card":"summary_large_image","twitter_misc":{"Szacowany czas czytania":"5 minut"},"schema":{"@context":"https:\/\/schema.org","@graph":[{"@type":"WebPage","@id":"https:\/\/bicycle.holiday\/pl\/faq-2\/","url":"https:\/\/bicycle.holiday\/pl\/faq-2\/","name":"FAQ - Bicycle.Holiday","isPartOf":{"@id":"https:\/\/bicycle.holiday\/pl\/#website"},"datePublished":"2020-03-31T11:48:53+00:00","dateModified":"2020-10-23T10:55:30+00:00","breadcrumb":{"@id":"https:\/\/bicycle.holiday\/pl\/faq-2\/#breadcrumb"},"inLanguage":"pl-PL","potentialAction":[{"@type":"ReadAction","target":["https:\/\/bicycle.holiday\/pl\/faq-2\/"]}]},{"@type":"BreadcrumbList","@id":"https:\/\/bicycle.holiday\/pl\/faq-2\/#breadcrumb","itemListElement":[{"@type":"ListItem","position":1,"name":"Home","item":"https:\/\/bicycle.holiday\/pl\/"},{"@type":"ListItem","position":2,"name":"FAQ"}]},{"@type":"WebSite","@id":"https:\/\/bicycle.holiday\/pl\/#website","url":"https:\/\/bicycle.holiday\/pl\/","name":"www.Bicycle.Holiday","description":"Mallorca active holidays with bike","publisher":{"@id":"https:\/\/bicycle.holiday\/pl\/#organization"},"potentialAction":[{"@type":"SearchAction","target":{"@type":"EntryPoint","urlTemplate":"https:\/\/bicycle.holiday\/pl\/?s={search_term_string}"},"query-input":{"@type":"PropertyValueSpecification","valueRequired":true,"valueName":"search_term_string"}}],"inLanguage":"pl-PL"},{"@type":"Organization","@id":"https:\/\/bicycle.holiday\/pl\/#organization","name":"Bicycle Holiday","url":"https:\/\/bicycle.holiday\/pl\/","logo":{"@type":"ImageObject","inLanguage":"pl-PL","@id":"https:\/\/bicycle.holiday\/pl\/#\/schema\/logo\/image\/","url":"https:\/\/bicycle.holiday\/wp-content\/uploads\/2021\/09\/logo-bicycle-holiday-CTVEREC-FCBK.jpg","contentUrl":"https:\/\/bicycle.holiday\/wp-content\/uploads\/2021\/09\/logo-bicycle-holiday-CTVEREC-FCBK.jpg","width":800,"height":800,"caption":"Bicycle Holiday"},"image":{"@id":"https:\/\/bicycle.holiday\/pl\/#\/schema\/logo\/image\/"},"sameAs":["https:\/\/www.facebook.com\/Bicycle.Holiday"]}]}},"_links":{"self":[{"href":"https:\/\/bicycle.holiday\/pl\/wp-json\/wp\/v2\/pages\/431","targetHints":{"allow":["GET"]}}],"collection":[{"href":"https:\/\/bicycle.holiday\/pl\/wp-json\/wp\/v2\/pages"}],"about":[{"href":"https:\/\/bicycle.holiday\/pl\/wp-json\/wp\/v2\/types\/page"}],"author":[{"embeddable":true,"href":"https:\/\/bicycle.holiday\/pl\/wp-json\/wp\/v2\/users\/1"}],"replies":[{"embeddable":true,"href":"https:\/\/bicycle.holiday\/pl\/wp-json\/wp\/v2\/comments?post=431"}],"version-history":[{"count":4,"href":"https:\/\/bicycle.holiday\/pl\/wp-json\/wp\/v2\/pages\/431\/revisions"}],"predecessor-version":[{"id":2526,"href":"https:\/\/bicycle.holiday\/pl\/wp-json\/wp\/v2\/pages\/431\/revisions\/2526"}],"wp:attachment":[{"href":"https:\/\/bicycle.holiday\/pl\/wp-json\/wp\/v2\/media?parent=431"}],"curies":[{"name":"wp","href":"https:\/\/api.w.org\/{rel}","templated":true}]}}