{"id":399,"date":"2020-01-31T12:46:27","date_gmt":"2020-01-31T11:46:27","guid":{"rendered":"https:\/\/bicycle.holiday\/?page_id=399"},"modified":"2020-10-23T12:55:35","modified_gmt":"2020-10-23T10:55:35","slug":"nasze-hotele","status":"publish","type":"page","link":"https:\/\/bicycle.holiday\/pl\/nasze-hotele\/","title":{"rendered":"Nasze Hotele"},"content":{"rendered":"<table style=\"border-collapse: collapse; width: 100%;\">\n<tbody>\n<tr>\n<td style=\"width: 50%;\">\n<h2>Rei del Mediterrani Palace\u00a0 <img loading=\"lazy\" decoding=\"async\" class=\"alignnone wp-image-3107\" src=\"https:\/\/bicycle.holiday\/wp-content\/uploads\/2020\/08\/Sni\u0301mek-obrazovky-2020-08-25-v-10.13.00.png\" alt=\"\" width=\"120\" height=\"23\" \/><\/h2>\n<h5>Playa de Muro, Alcudia, Mallorca<\/h5>\n<p>Hotel Rei del Mediterrani Palace znajduje si\u0119 w p\u00f3\u0142nocnej cz\u0119\u015bci wyspy, na Playa de Muro w pobli\u017cu Alcudii. Ze wzgl\u0119du na swoje po\u0142o\u017cenie jest idealnym miejscem dla rowerzyst\u00f3w, kt\u00f3rzy mog\u0105 wybra\u0107 si\u0119 na popularny, ale g\u00f3rzysty Formentor lub podziwia\u0107 r\u00f3wniny centrum i wschodniej cz\u0119\u015bci Majorki.<\/td>\n<td style=\"width: 50%;\"><a href=\"\/?page_id=2879\"><img loading=\"lazy\" decoding=\"async\" class=\"aligncenter wp-image-661\" src=\"https:\/\/bicycle.holiday\/wp-content\/uploads\/2020\/04\/Piscina-1-1024x683.jpg\" alt=\"\" width=\"1024\" height=\"683\" srcset=\"https:\/\/bicycle.holiday\/wp-content\/uploads\/2020\/04\/Piscina-1-1024x683.jpg 1024w, https:\/\/bicycle.holiday\/wp-content\/uploads\/2020\/04\/Piscina-1-300x200.jpg 300w, https:\/\/bicycle.holiday\/wp-content\/uploads\/2020\/04\/Piscina-1-768x512.jpg 768w, https:\/\/bicycle.holiday\/wp-content\/uploads\/2020\/04\/Piscina-1-1536x1024.jpg 1536w, https:\/\/bicycle.holiday\/wp-content\/uploads\/2020\/04\/Piscina-1-2048x1365.jpg 2048w, https:\/\/bicycle.holiday\/wp-content\/uploads\/2020\/04\/Piscina-1-600x400.jpg 600w, https:\/\/bicycle.holiday\/wp-content\/uploads\/2020\/04\/Piscina-1-1620x1080.jpg 1620w\" sizes=\"auto, (max-width: 1024px) 100vw, 1024px\" \/><\/a><\/td>\n<\/tr>\n<tr>\n<td style=\"width: 50%;\"><\/td>\n<td style=\"width: 50%; text-align: right;\"><a class=\"button button--secondary button--prev\" href=\"\/?page_id=2879\">Read More<\/a><\/td>\n<\/tr>\n<\/tbody>\n<\/table>\n<p>&nbsp;<\/p>\n<table style=\"border-collapse: collapse; width: 100%;\">\n<tbody>\n<tr>\n<td style=\"width: 50%;\">\n<h2>Hotel Caballero\u00a0 <img loading=\"lazy\" decoding=\"async\" class=\"alignnone wp-image-3112\" src=\"https:\/\/bicycle.holiday\/wp-content\/uploads\/2020\/08\/Sni\u0301mek-obrazovky-2020-08-25-v-10.14.33.png\" alt=\"\" width=\"102\" height=\"23\" \/><\/h2>\n<h5>Playa de Palma, Mallorca<\/h5>\n<p>Hotel Caballero po\u0142o\u017cony jest w po\u0142udniowej cz\u0119\u015bci wyspy, na Playa de Palma, w pobli\u017cu lotniska i miasta Palma. Dzi\u0119ki ofercie atrakcji, sklep\u00f3w i restauracji, kt\u00f3re znajduj\u0105 si\u0119 w okolicy, klienci mog\u0105 doskonale \u0142\u0105czy\u0107 wypoczynek i zabaw\u0119.<\/p>\n<p>Hotel zosta\u0142 ca\u0142kowicie odnowiony w 2017 roku, w nowym i eleganckim stylu wsp\u00f3\u0142czesnym.<\/td>\n<td style=\"width: 50%;\"><a href=\"\/?page_id=2876\"><img loading=\"lazy\" decoding=\"async\" class=\"aligncenter size-full wp-image-3136\" src=\"https:\/\/bicycle.holiday\/wp-content\/uploads\/2020\/08\/dsfsadf.png\" alt=\"\" width=\"1024\" height=\"683\" srcset=\"https:\/\/bicycle.holiday\/wp-content\/uploads\/2020\/08\/dsfsadf.png 1024w, https:\/\/bicycle.holiday\/wp-content\/uploads\/2020\/08\/dsfsadf-300x200.png 300w, https:\/\/bicycle.holiday\/wp-content\/uploads\/2020\/08\/dsfsadf-768x512.png 768w, https:\/\/bicycle.holiday\/wp-content\/uploads\/2020\/08\/dsfsadf-600x400.png 600w\" sizes=\"auto, (max-width: 1024px) 100vw, 1024px\" \/><\/a><\/td>\n<\/tr>\n<tr>\n<td style=\"width: 50%;\"><\/td>\n<td style=\"width: 50%; text-align: right;\"><a class=\"button button--secondary button--prev\" href=\"\/?page_id=2876\">Read More<\/a><\/td>\n<\/tr>\n<\/tbody>\n<\/table>\n<p>&nbsp;<\/p>\n","protected":false},"excerpt":{"rendered":"<p>Rei del Mediterrani Palace\u00a0 Playa de Muro, Alcudia, Mallorca Hotel Rei del Mediterrani Palace znajduje si\u0119 w p\u00f3\u0142nocnej cz\u0119\u015bci wyspy, na Playa de Muro w pobli\u017cu Alcudii. Ze wzgl\u0119du na swoje po\u0142o\u017cenie jest idealnym miejscem dla rowerzyst\u00f3w, kt\u00f3rzy mog\u0105 wybra\u0107 si\u0119 na popularny, ale g\u00f3rzysty Formentor lub podziwia\u0107 r\u00f3wniny centrum i wschodniej cz\u0119\u015bci Majorki. Read [&hellip;]<\/p>\n","protected":false},"author":1,"featured_media":0,"parent":0,"menu_order":66,"comment_status":"closed","ping_status":"closed","template":"","meta":{"_acf_changed":false,"footnotes":""},"class_list":["post-399","page","type-page","status-publish","hentry"],"acf":[],"yoast_head":"<!-- This site is optimized with the Yoast SEO plugin v27.4 - https:\/\/yoast.com\/product\/yoast-seo-wordpress\/ -->\n<title>Nasze Hotele - Bicycle.Holiday<\/title>\n<meta name=\"robots\" content=\"index, follow, max-snippet:-1, max-image-preview:large, max-video-preview:-1\" \/>\n<link rel=\"canonical\" href=\"https:\/\/bicycle.holiday\/pl\/nasze-hotele\/\" \/>\n<meta property=\"og:locale\" content=\"pl_PL\" \/>\n<meta property=\"og:type\" content=\"article\" \/>\n<meta property=\"og:title\" content=\"Nasze Hotele - Bicycle.Holiday\" \/>\n<meta property=\"og:description\" content=\"Rei del Mediterrani Palace\u00a0 Playa de Muro, Alcudia, Mallorca Hotel Rei del Mediterrani Palace znajduje si\u0119 w p\u00f3\u0142nocnej cz\u0119\u015bci wyspy, na Playa de Muro w pobli\u017cu Alcudii. Ze wzgl\u0119du na swoje po\u0142o\u017cenie jest idealnym miejscem dla rowerzyst\u00f3w, kt\u00f3rzy mog\u0105 wybra\u0107 si\u0119 na popularny, ale g\u00f3rzysty Formentor lub podziwia\u0107 r\u00f3wniny centrum i wschodniej cz\u0119\u015bci Majorki. Read [&hellip;]\" \/>\n<meta property=\"og:url\" content=\"https:\/\/bicycle.holiday\/pl\/nasze-hotele\/\" \/>\n<meta property=\"og:site_name\" content=\"Bicycle.Holiday\" \/>\n<meta property=\"article:publisher\" content=\"https:\/\/www.facebook.com\/Bicycle.Holiday\" \/>\n<meta property=\"article:modified_time\" content=\"2020-10-23T10:55:35+00:00\" \/>\n<meta property=\"og:image\" content=\"https:\/\/bicycle.holiday\/wp-content\/uploads\/2020\/08\/Sni\u0301mek-obrazovky-2020-08-25-v-10.13.00.png\" \/>\n<meta name=\"twitter:card\" content=\"summary_large_image\" \/>\n<meta name=\"twitter:label1\" content=\"Szacowany czas czytania\" \/>\n\t<meta name=\"twitter:data1\" content=\"1 minuta\" \/>\n<script type=\"application\/ld+json\" class=\"yoast-schema-graph\">{\"@context\":\"https:\\\/\\\/schema.org\",\"@graph\":[{\"@type\":\"WebPage\",\"@id\":\"https:\\\/\\\/bicycle.holiday\\\/pl\\\/nasze-hotele\\\/\",\"url\":\"https:\\\/\\\/bicycle.holiday\\\/pl\\\/nasze-hotele\\\/\",\"name\":\"Nasze Hotele - Bicycle.Holiday\",\"isPartOf\":{\"@id\":\"https:\\\/\\\/bicycle.holiday\\\/pl\\\/#website\"},\"primaryImageOfPage\":{\"@id\":\"https:\\\/\\\/bicycle.holiday\\\/pl\\\/nasze-hotele\\\/#primaryimage\"},\"image\":{\"@id\":\"https:\\\/\\\/bicycle.holiday\\\/pl\\\/nasze-hotele\\\/#primaryimage\"},\"thumbnailUrl\":\"https:\\\/\\\/bicycle.holiday\\\/wp-content\\\/uploads\\\/2020\\\/04\\\/Piscina-1-1024x683.jpg\",\"datePublished\":\"2020-01-31T11:46:27+00:00\",\"dateModified\":\"2020-10-23T10:55:35+00:00\",\"breadcrumb\":{\"@id\":\"https:\\\/\\\/bicycle.holiday\\\/pl\\\/nasze-hotele\\\/#breadcrumb\"},\"inLanguage\":\"pl-PL\",\"potentialAction\":[{\"@type\":\"ReadAction\",\"target\":[\"https:\\\/\\\/bicycle.holiday\\\/pl\\\/nasze-hotele\\\/\"]}]},{\"@type\":\"ImageObject\",\"inLanguage\":\"pl-PL\",\"@id\":\"https:\\\/\\\/bicycle.holiday\\\/pl\\\/nasze-hotele\\\/#primaryimage\",\"url\":\"https:\\\/\\\/bicycle.holiday\\\/wp-content\\\/uploads\\\/2020\\\/04\\\/Piscina-1-1024x683.jpg\",\"contentUrl\":\"https:\\\/\\\/bicycle.holiday\\\/wp-content\\\/uploads\\\/2020\\\/04\\\/Piscina-1-1024x683.jpg\"},{\"@type\":\"BreadcrumbList\",\"@id\":\"https:\\\/\\\/bicycle.holiday\\\/pl\\\/nasze-hotele\\\/#breadcrumb\",\"itemListElement\":[{\"@type\":\"ListItem\",\"position\":1,\"name\":\"Home\",\"item\":\"https:\\\/\\\/bicycle.holiday\\\/pl\\\/\"},{\"@type\":\"ListItem\",\"position\":2,\"name\":\"Nasze Hotele\"}]},{\"@type\":\"WebSite\",\"@id\":\"https:\\\/\\\/bicycle.holiday\\\/pl\\\/#website\",\"url\":\"https:\\\/\\\/bicycle.holiday\\\/pl\\\/\",\"name\":\"www.Bicycle.Holiday\",\"description\":\"Mallorca active holidays with bike\",\"publisher\":{\"@id\":\"https:\\\/\\\/bicycle.holiday\\\/pl\\\/#organization\"},\"potentialAction\":[{\"@type\":\"SearchAction\",\"target\":{\"@type\":\"EntryPoint\",\"urlTemplate\":\"https:\\\/\\\/bicycle.holiday\\\/pl\\\/?s={search_term_string}\"},\"query-input\":{\"@type\":\"PropertyValueSpecification\",\"valueRequired\":true,\"valueName\":\"search_term_string\"}}],\"inLanguage\":\"pl-PL\"},{\"@type\":\"Organization\",\"@id\":\"https:\\\/\\\/bicycle.holiday\\\/pl\\\/#organization\",\"name\":\"Bicycle Holiday\",\"url\":\"https:\\\/\\\/bicycle.holiday\\\/pl\\\/\",\"logo\":{\"@type\":\"ImageObject\",\"inLanguage\":\"pl-PL\",\"@id\":\"https:\\\/\\\/bicycle.holiday\\\/pl\\\/#\\\/schema\\\/logo\\\/image\\\/\",\"url\":\"https:\\\/\\\/bicycle.holiday\\\/wp-content\\\/uploads\\\/2021\\\/09\\\/logo-bicycle-holiday-CTVEREC-FCBK.jpg\",\"contentUrl\":\"https:\\\/\\\/bicycle.holiday\\\/wp-content\\\/uploads\\\/2021\\\/09\\\/logo-bicycle-holiday-CTVEREC-FCBK.jpg\",\"width\":800,\"height\":800,\"caption\":\"Bicycle Holiday\"},\"image\":{\"@id\":\"https:\\\/\\\/bicycle.holiday\\\/pl\\\/#\\\/schema\\\/logo\\\/image\\\/\"},\"sameAs\":[\"https:\\\/\\\/www.facebook.com\\\/Bicycle.Holiday\"]}]}<\/script>\n<!-- \/ Yoast SEO plugin. -->","yoast_head_json":{"title":"Nasze Hotele - Bicycle.Holiday","robots":{"index":"index","follow":"follow","max-snippet":"max-snippet:-1","max-image-preview":"max-image-preview:large","max-video-preview":"max-video-preview:-1"},"canonical":"https:\/\/bicycle.holiday\/pl\/nasze-hotele\/","og_locale":"pl_PL","og_type":"article","og_title":"Nasze Hotele - Bicycle.Holiday","og_description":"Rei del Mediterrani Palace\u00a0 Playa de Muro, Alcudia, Mallorca Hotel Rei del Mediterrani Palace znajduje si\u0119 w p\u00f3\u0142nocnej cz\u0119\u015bci wyspy, na Playa de Muro w pobli\u017cu Alcudii. Ze wzgl\u0119du na swoje po\u0142o\u017cenie jest idealnym miejscem dla rowerzyst\u00f3w, kt\u00f3rzy mog\u0105 wybra\u0107 si\u0119 na popularny, ale g\u00f3rzysty Formentor lub podziwia\u0107 r\u00f3wniny centrum i wschodniej cz\u0119\u015bci Majorki. Read [&hellip;]","og_url":"https:\/\/bicycle.holiday\/pl\/nasze-hotele\/","og_site_name":"Bicycle.Holiday","article_publisher":"https:\/\/www.facebook.com\/Bicycle.Holiday","article_modified_time":"2020-10-23T10:55:35+00:00","og_image":[{"url":"https:\/\/bicycle.holiday\/wp-content\/uploads\/2020\/08\/Sni\u0301mek-obrazovky-2020-08-25-v-10.13.00.png","type":"","width":"","height":""}],"twitter_card":"summary_large_image","twitter_misc":{"Szacowany czas czytania":"1 minuta"},"schema":{"@context":"https:\/\/schema.org","@graph":[{"@type":"WebPage","@id":"https:\/\/bicycle.holiday\/pl\/nasze-hotele\/","url":"https:\/\/bicycle.holiday\/pl\/nasze-hotele\/","name":"Nasze Hotele - Bicycle.Holiday","isPartOf":{"@id":"https:\/\/bicycle.holiday\/pl\/#website"},"primaryImageOfPage":{"@id":"https:\/\/bicycle.holiday\/pl\/nasze-hotele\/#primaryimage"},"image":{"@id":"https:\/\/bicycle.holiday\/pl\/nasze-hotele\/#primaryimage"},"thumbnailUrl":"https:\/\/bicycle.holiday\/wp-content\/uploads\/2020\/04\/Piscina-1-1024x683.jpg","datePublished":"2020-01-31T11:46:27+00:00","dateModified":"2020-10-23T10:55:35+00:00","breadcrumb":{"@id":"https:\/\/bicycle.holiday\/pl\/nasze-hotele\/#breadcrumb"},"inLanguage":"pl-PL","potentialAction":[{"@type":"ReadAction","target":["https:\/\/bicycle.holiday\/pl\/nasze-hotele\/"]}]},{"@type":"ImageObject","inLanguage":"pl-PL","@id":"https:\/\/bicycle.holiday\/pl\/nasze-hotele\/#primaryimage","url":"https:\/\/bicycle.holiday\/wp-content\/uploads\/2020\/04\/Piscina-1-1024x683.jpg","contentUrl":"https:\/\/bicycle.holiday\/wp-content\/uploads\/2020\/04\/Piscina-1-1024x683.jpg"},{"@type":"BreadcrumbList","@id":"https:\/\/bicycle.holiday\/pl\/nasze-hotele\/#breadcrumb","itemListElement":[{"@type":"ListItem","position":1,"name":"Home","item":"https:\/\/bicycle.holiday\/pl\/"},{"@type":"ListItem","position":2,"name":"Nasze Hotele"}]},{"@type":"WebSite","@id":"https:\/\/bicycle.holiday\/pl\/#website","url":"https:\/\/bicycle.holiday\/pl\/","name":"www.Bicycle.Holiday","description":"Mallorca active holidays with bike","publisher":{"@id":"https:\/\/bicycle.holiday\/pl\/#organization"},"potentialAction":[{"@type":"SearchAction","target":{"@type":"EntryPoint","urlTemplate":"https:\/\/bicycle.holiday\/pl\/?s={search_term_string}"},"query-input":{"@type":"PropertyValueSpecification","valueRequired":true,"valueName":"search_term_string"}}],"inLanguage":"pl-PL"},{"@type":"Organization","@id":"https:\/\/bicycle.holiday\/pl\/#organization","name":"Bicycle Holiday","url":"https:\/\/bicycle.holiday\/pl\/","logo":{"@type":"ImageObject","inLanguage":"pl-PL","@id":"https:\/\/bicycle.holiday\/pl\/#\/schema\/logo\/image\/","url":"https:\/\/bicycle.holiday\/wp-content\/uploads\/2021\/09\/logo-bicycle-holiday-CTVEREC-FCBK.jpg","contentUrl":"https:\/\/bicycle.holiday\/wp-content\/uploads\/2021\/09\/logo-bicycle-holiday-CTVEREC-FCBK.jpg","width":800,"height":800,"caption":"Bicycle Holiday"},"image":{"@id":"https:\/\/bicycle.holiday\/pl\/#\/schema\/logo\/image\/"},"sameAs":["https:\/\/www.facebook.com\/Bicycle.Holiday"]}]}},"_links":{"self":[{"href":"https:\/\/bicycle.holiday\/pl\/wp-json\/wp\/v2\/pages\/399","targetHints":{"allow":["GET"]}}],"collection":[{"href":"https:\/\/bicycle.holiday\/pl\/wp-json\/wp\/v2\/pages"}],"about":[{"href":"https:\/\/bicycle.holiday\/pl\/wp-json\/wp\/v2\/types\/page"}],"author":[{"embeddable":true,"href":"https:\/\/bicycle.holiday\/pl\/wp-json\/wp\/v2\/users\/1"}],"replies":[{"embeddable":true,"href":"https:\/\/bicycle.holiday\/pl\/wp-json\/wp\/v2\/comments?post=399"}],"version-history":[{"count":12,"href":"https:\/\/bicycle.holiday\/pl\/wp-json\/wp\/v2\/pages\/399\/revisions"}],"predecessor-version":[{"id":3158,"href":"https:\/\/bicycle.holiday\/pl\/wp-json\/wp\/v2\/pages\/399\/revisions\/3158"}],"wp:attachment":[{"href":"https:\/\/bicycle.holiday\/pl\/wp-json\/wp\/v2\/media?parent=399"}],"curies":[{"name":"wp","href":"https:\/\/api.w.org\/{rel}","templated":true}]}}