{"id":3471,"date":"2021-04-22T10:48:43","date_gmt":"2021-04-22T08:48:43","guid":{"rendered":"https:\/\/bicycle.holiday\/?page_id=3471"},"modified":"2021-04-22T12:03:39","modified_gmt":"2021-04-22T10:03:39","slug":"majorque-la-magnifique","status":"publish","type":"page","link":"https:\/\/bicycle.holiday\/fr\/majorque-la-magnifique\/","title":{"rendered":"Majorque la magnifique"},"content":{"rendered":"<p>Quelque soit le pari que vous voulez vous lancer : professionnel ou amateur se pr\u00e9parant pour la prochaine saison de courses \u00e0 v\u00e9lo, suivre les routes d&rsquo;entra\u00eenement des \u00e9quipes du Tour de France, amateur de sensations et de d\u00e9couvertes tout en vous amusant ou simplement un sportif qui veut combiner plusieurs sports comme par exemple le v\u00e9lo et le golf, vous \u00eates au bon endroit. Avec NaCesty.cz, vous pourrez profiter de tous les avantages de \u00ab\u00a0Majorque La Magnifique\u00a0\u00bb avec des s\u00e9jours dans des h\u00f4tels de luxe pour un prix modique et un service complet et professionnel de location de v\u00e9lo. Majorque est une \u00eele incroyable pour d\u00e9velopper et entra\u00eener sa condition physique \u00e0 un niveau pro et pouvoir pr\u00e9parer la saison de courses \u00e0 v\u00e9lo.<\/p>\n<p>L&rsquo;\u00eele de Majorque se trouve au milieu de l&rsquo;eau turquoise de la Mer Medit\u00e9rran\u00e9e et chaque ann\u00e9e regroupe les amoureux du cyclisme. Majorque est c\u00e9l\u00e8bre pour ses paysages vari\u00e9s et montagneux, qui font le bonheur des pros du v\u00e9lo. Le climat temp\u00e9r\u00e9 qui permet de s&rsquo;entra\u00eener presque toute l&rsquo;ann\u00e9e, les paysages splendides et les routes avec peu de trafique, jouent aussi un r\u00f4le essentiel. Pour toutes ces raisons, l&rsquo;\u00eele de Majorque voit chaque ann\u00e9e cro\u00eetre le nombre de professionnels du cyclisme. En g\u00e9n\u00e9ral la saison commence en f\u00e9vrier et dure jusqu&rsquo;\u00e0 mai avec des temp\u00e9ratures entre 15 et 25 d\u00e9gr\u00e9s, id\u00e9ales pour les activit\u00e9s \u00e0 l&rsquo;aire libre. En f\u00e9vrier plus de professionnels de courses viennent s&rsquo;entra\u00eener, et \u00e0 partir de mars, le cyslisme devient plus ludique. Ensuite \u00e0 partir du mois de septembre, se m\u00e9langent les envies entre entra\u00eenement et farniente, sur les plages interminables de sable fin et de mer aux nuances de bleus paradisiaques.<\/p>\n<p>En plus des paysages somptueux qu&rsquo;offre Majorque, les routes\u00a0 sont fluides et faciles d&rsquo;acc\u00e8s, pour, par exemple visiter la capitale Palma de Majorque, Alcudia le village aux ruines romaines dans le nord de l&rsquo;\u00eele, le c\u00e9l\u00e8bre village montagneux de G.Sand et Chopin: Valldemosa, ou Soller connu pour son train en bois datant de 1912. Ou, pour les amoureux de l&rsquo;eau et de la farniente, se rendre \u00e0 la plage pr\u00e8s de l&rsquo;h\u00f4tel et aller visiter les merveilleuses criques sur la c\u00f4te Est de Majorque. Dans les h\u00f4tels propos\u00e9s, ainsi qu&rsquo;en g\u00e9n\u00e9ral sur l&rsquo;\u00eele, les restaurants proposent de d\u00e9licieux plats typiques m\u00e9dit\u00e9rran\u00e9ens, avec entre autres, des s\u00e9lections de poissons et fruits de mer, viande grill\u00e9e, fruits locaux et des desserts incroyablement succulents et vari\u00e9s. Apr\u00e8s tant d&rsquo;efforts, vous pourrez vous relaxer dans le Wellness de l&rsquo;h\u00f4tel que vous avez r\u00e9serv\u00e9, profiter de la piscine ou du jacuzzi, ou simplement vous d\u00e9tendre sur un transat avec un coktail.<\/p>\n<p>Si vous rechercher la s\u00e9curit\u00e9 et le professionnalisme d&rsquo;un groupe de cyclisme, tout en ajoutant le plaisir de d\u00e9couvrir des lieux fantastiques, nous sommes la meilleure option.<\/p>\n<p>Nous esp\u00e9rons avoir pu vous trasmettre l&rsquo;envie de vous joindre \u00e0 nous et d\u00e9couvrir notre \u00ab\u00a0Majorque La Magnifique\u00a0\u00bb.<\/p>\n<table style=\"border-collapse: collapse; width: 100%;\">\n<tbody>\n<tr>\n<td style=\"width: 33.3333%;\"><img loading=\"lazy\" decoding=\"async\" class=\"size-medium wp-image-1286 aligncenter\" src=\"https:\/\/bicycle.holiday\/wp-content\/uploads\/2020\/04\/DSC_4253-300x200.jpg\" alt=\"\" width=\"300\" height=\"200\" srcset=\"https:\/\/bicycle.holiday\/wp-content\/uploads\/2020\/04\/DSC_4253-300x200.jpg 300w, https:\/\/bicycle.holiday\/wp-content\/uploads\/2020\/04\/DSC_4253-1024x681.jpg 1024w, https:\/\/bicycle.holiday\/wp-content\/uploads\/2020\/04\/DSC_4253-768x511.jpg 768w, https:\/\/bicycle.holiday\/wp-content\/uploads\/2020\/04\/DSC_4253-1536x1022.jpg 1536w, https:\/\/bicycle.holiday\/wp-content\/uploads\/2020\/04\/DSC_4253-2048x1363.jpg 2048w, https:\/\/bicycle.holiday\/wp-content\/uploads\/2020\/04\/DSC_4253-601x400.jpg 601w, https:\/\/bicycle.holiday\/wp-content\/uploads\/2020\/04\/DSC_4253-1623x1080.jpg 1623w\" sizes=\"auto, (max-width: 300px) 100vw, 300px\" \/><\/td>\n<td style=\"width: 33.3333%;\"><img loading=\"lazy\" decoding=\"async\" class=\"size-medium wp-image-1396 aligncenter\" src=\"https:\/\/bicycle.holiday\/wp-content\/uploads\/2020\/04\/T15_4771-300x200.jpg\" alt=\"\" width=\"300\" height=\"200\" srcset=\"https:\/\/bicycle.holiday\/wp-content\/uploads\/2020\/04\/T15_4771-300x200.jpg 300w, https:\/\/bicycle.holiday\/wp-content\/uploads\/2020\/04\/T15_4771-1024x683.jpg 1024w, https:\/\/bicycle.holiday\/wp-content\/uploads\/2020\/04\/T15_4771-768x512.jpg 768w, https:\/\/bicycle.holiday\/wp-content\/uploads\/2020\/04\/T15_4771-1536x1024.jpg 1536w, https:\/\/bicycle.holiday\/wp-content\/uploads\/2020\/04\/T15_4771-2048x1366.jpg 2048w, https:\/\/bicycle.holiday\/wp-content\/uploads\/2020\/04\/T15_4771-600x400.jpg 600w, https:\/\/bicycle.holiday\/wp-content\/uploads\/2020\/04\/T15_4771-1620x1080.jpg 1620w\" sizes=\"auto, (max-width: 300px) 100vw, 300px\" \/><\/td>\n<td style=\"width: 33.3333%;\"><img loading=\"lazy\" decoding=\"async\" class=\"size-medium wp-image-1643 aligncenter\" src=\"https:\/\/bicycle.holiday\/wp-content\/uploads\/2020\/04\/mg-6041-300x200.jpg\" alt=\"\" width=\"300\" height=\"200\" srcset=\"https:\/\/bicycle.holiday\/wp-content\/uploads\/2020\/04\/mg-6041-300x200.jpg 300w, https:\/\/bicycle.holiday\/wp-content\/uploads\/2020\/04\/mg-6041-768x512.jpg 768w, https:\/\/bicycle.holiday\/wp-content\/uploads\/2020\/04\/mg-6041-600x400.jpg 600w, https:\/\/bicycle.holiday\/wp-content\/uploads\/2020\/04\/mg-6041.jpg 800w\" sizes=\"auto, (max-width: 300px) 100vw, 300px\" \/><\/td>\n<\/tr>\n<\/tbody>\n<\/table>\n","protected":false},"excerpt":{"rendered":"<p>Quelque soit le pari que vous voulez vous lancer : professionnel ou amateur se pr\u00e9parant pour la prochaine saison de courses \u00e0 v\u00e9lo, suivre les routes d&rsquo;entra\u00eenement des \u00e9quipes du Tour de France, amateur de sensations et de d\u00e9couvertes tout en vous amusant ou simplement un sportif qui veut combiner plusieurs sports comme par exemple [&hellip;]<\/p>\n","protected":false},"author":15,"featured_media":0,"parent":0,"menu_order":88,"comment_status":"closed","ping_status":"closed","template":"","meta":{"_acf_changed":false,"footnotes":""},"class_list":["post-3471","page","type-page","status-publish","hentry"],"acf":[],"yoast_head":"<!-- This site is optimized with the Yoast SEO plugin v27.4 - https:\/\/yoast.com\/product\/yoast-seo-wordpress\/ -->\n<title>Majorque la magnifique - Bicycle.Holiday<\/title>\n<meta name=\"robots\" content=\"index, follow, max-snippet:-1, max-image-preview:large, max-video-preview:-1\" \/>\n<link rel=\"canonical\" href=\"https:\/\/bicycle.holiday\/fr\/majorque-la-magnifique\/\" \/>\n<meta property=\"og:locale\" content=\"fr_FR\" \/>\n<meta property=\"og:type\" content=\"article\" \/>\n<meta property=\"og:title\" content=\"Majorque la magnifique - Bicycle.Holiday\" \/>\n<meta property=\"og:description\" content=\"Quelque soit le pari que vous voulez vous lancer : professionnel ou amateur se pr\u00e9parant pour la prochaine saison de courses \u00e0 v\u00e9lo, suivre les routes d&rsquo;entra\u00eenement des \u00e9quipes du Tour de France, amateur de sensations et de d\u00e9couvertes tout en vous amusant ou simplement un sportif qui veut combiner plusieurs sports comme par exemple [&hellip;]\" \/>\n<meta property=\"og:url\" content=\"https:\/\/bicycle.holiday\/fr\/majorque-la-magnifique\/\" \/>\n<meta property=\"og:site_name\" content=\"Bicycle.Holiday\" \/>\n<meta property=\"article:publisher\" content=\"https:\/\/www.facebook.com\/Bicycle.Holiday\" \/>\n<meta property=\"article:modified_time\" content=\"2021-04-22T10:03:39+00:00\" \/>\n<meta property=\"og:image\" content=\"https:\/\/bicycle.holiday\/wp-content\/uploads\/2020\/04\/DSC_4253-300x200.jpg\" \/>\n<meta name=\"twitter:card\" content=\"summary_large_image\" \/>\n<meta name=\"twitter:label1\" content=\"Dur\u00e9e de lecture estim\u00e9e\" \/>\n\t<meta name=\"twitter:data1\" content=\"3 minutes\" \/>\n<script type=\"application\/ld+json\" class=\"yoast-schema-graph\">{\"@context\":\"https:\\\/\\\/schema.org\",\"@graph\":[{\"@type\":\"WebPage\",\"@id\":\"https:\\\/\\\/bicycle.holiday\\\/fr\\\/majorque-la-magnifique\\\/\",\"url\":\"https:\\\/\\\/bicycle.holiday\\\/fr\\\/majorque-la-magnifique\\\/\",\"name\":\"Majorque la magnifique - Bicycle.Holiday\",\"isPartOf\":{\"@id\":\"https:\\\/\\\/bicycle.holiday\\\/fr\\\/#website\"},\"primaryImageOfPage\":{\"@id\":\"https:\\\/\\\/bicycle.holiday\\\/fr\\\/majorque-la-magnifique\\\/#primaryimage\"},\"image\":{\"@id\":\"https:\\\/\\\/bicycle.holiday\\\/fr\\\/majorque-la-magnifique\\\/#primaryimage\"},\"thumbnailUrl\":\"https:\\\/\\\/bicycle.holiday\\\/wp-content\\\/uploads\\\/2020\\\/04\\\/DSC_4253-300x200.jpg\",\"datePublished\":\"2021-04-22T08:48:43+00:00\",\"dateModified\":\"2021-04-22T10:03:39+00:00\",\"breadcrumb\":{\"@id\":\"https:\\\/\\\/bicycle.holiday\\\/fr\\\/majorque-la-magnifique\\\/#breadcrumb\"},\"inLanguage\":\"fr-FR\",\"potentialAction\":[{\"@type\":\"ReadAction\",\"target\":[\"https:\\\/\\\/bicycle.holiday\\\/fr\\\/majorque-la-magnifique\\\/\"]}]},{\"@type\":\"ImageObject\",\"inLanguage\":\"fr-FR\",\"@id\":\"https:\\\/\\\/bicycle.holiday\\\/fr\\\/majorque-la-magnifique\\\/#primaryimage\",\"url\":\"https:\\\/\\\/bicycle.holiday\\\/wp-content\\\/uploads\\\/2020\\\/04\\\/DSC_4253-300x200.jpg\",\"contentUrl\":\"https:\\\/\\\/bicycle.holiday\\\/wp-content\\\/uploads\\\/2020\\\/04\\\/DSC_4253-300x200.jpg\"},{\"@type\":\"BreadcrumbList\",\"@id\":\"https:\\\/\\\/bicycle.holiday\\\/fr\\\/majorque-la-magnifique\\\/#breadcrumb\",\"itemListElement\":[{\"@type\":\"ListItem\",\"position\":1,\"name\":\"Home\",\"item\":\"https:\\\/\\\/bicycle.holiday\\\/fr\\\/\"},{\"@type\":\"ListItem\",\"position\":2,\"name\":\"Majorque la magnifique\"}]},{\"@type\":\"WebSite\",\"@id\":\"https:\\\/\\\/bicycle.holiday\\\/fr\\\/#website\",\"url\":\"https:\\\/\\\/bicycle.holiday\\\/fr\\\/\",\"name\":\"www.Bicycle.Holiday\",\"description\":\"Mallorca active holidays with bike\",\"publisher\":{\"@id\":\"https:\\\/\\\/bicycle.holiday\\\/fr\\\/#organization\"},\"potentialAction\":[{\"@type\":\"SearchAction\",\"target\":{\"@type\":\"EntryPoint\",\"urlTemplate\":\"https:\\\/\\\/bicycle.holiday\\\/fr\\\/?s={search_term_string}\"},\"query-input\":{\"@type\":\"PropertyValueSpecification\",\"valueRequired\":true,\"valueName\":\"search_term_string\"}}],\"inLanguage\":\"fr-FR\"},{\"@type\":\"Organization\",\"@id\":\"https:\\\/\\\/bicycle.holiday\\\/fr\\\/#organization\",\"name\":\"Bicycle Holiday\",\"url\":\"https:\\\/\\\/bicycle.holiday\\\/fr\\\/\",\"logo\":{\"@type\":\"ImageObject\",\"inLanguage\":\"fr-FR\",\"@id\":\"https:\\\/\\\/bicycle.holiday\\\/fr\\\/#\\\/schema\\\/logo\\\/image\\\/\",\"url\":\"https:\\\/\\\/bicycle.holiday\\\/wp-content\\\/uploads\\\/2021\\\/09\\\/logo-bicycle-holiday-CTVEREC-FCBK.jpg\",\"contentUrl\":\"https:\\\/\\\/bicycle.holiday\\\/wp-content\\\/uploads\\\/2021\\\/09\\\/logo-bicycle-holiday-CTVEREC-FCBK.jpg\",\"width\":800,\"height\":800,\"caption\":\"Bicycle Holiday\"},\"image\":{\"@id\":\"https:\\\/\\\/bicycle.holiday\\\/fr\\\/#\\\/schema\\\/logo\\\/image\\\/\"},\"sameAs\":[\"https:\\\/\\\/www.facebook.com\\\/Bicycle.Holiday\"]}]}<\/script>\n<!-- \/ Yoast SEO plugin. -->","yoast_head_json":{"title":"Majorque la magnifique - Bicycle.Holiday","robots":{"index":"index","follow":"follow","max-snippet":"max-snippet:-1","max-image-preview":"max-image-preview:large","max-video-preview":"max-video-preview:-1"},"canonical":"https:\/\/bicycle.holiday\/fr\/majorque-la-magnifique\/","og_locale":"fr_FR","og_type":"article","og_title":"Majorque la magnifique - Bicycle.Holiday","og_description":"Quelque soit le pari que vous voulez vous lancer : professionnel ou amateur se pr\u00e9parant pour la prochaine saison de courses \u00e0 v\u00e9lo, suivre les routes d&rsquo;entra\u00eenement des \u00e9quipes du Tour de France, amateur de sensations et de d\u00e9couvertes tout en vous amusant ou simplement un sportif qui veut combiner plusieurs sports comme par exemple [&hellip;]","og_url":"https:\/\/bicycle.holiday\/fr\/majorque-la-magnifique\/","og_site_name":"Bicycle.Holiday","article_publisher":"https:\/\/www.facebook.com\/Bicycle.Holiday","article_modified_time":"2021-04-22T10:03:39+00:00","og_image":[{"url":"https:\/\/bicycle.holiday\/wp-content\/uploads\/2020\/04\/DSC_4253-300x200.jpg","type":"","width":"","height":""}],"twitter_card":"summary_large_image","twitter_misc":{"Dur\u00e9e de lecture estim\u00e9e":"3 minutes"},"schema":{"@context":"https:\/\/schema.org","@graph":[{"@type":"WebPage","@id":"https:\/\/bicycle.holiday\/fr\/majorque-la-magnifique\/","url":"https:\/\/bicycle.holiday\/fr\/majorque-la-magnifique\/","name":"Majorque la magnifique - Bicycle.Holiday","isPartOf":{"@id":"https:\/\/bicycle.holiday\/fr\/#website"},"primaryImageOfPage":{"@id":"https:\/\/bicycle.holiday\/fr\/majorque-la-magnifique\/#primaryimage"},"image":{"@id":"https:\/\/bicycle.holiday\/fr\/majorque-la-magnifique\/#primaryimage"},"thumbnailUrl":"https:\/\/bicycle.holiday\/wp-content\/uploads\/2020\/04\/DSC_4253-300x200.jpg","datePublished":"2021-04-22T08:48:43+00:00","dateModified":"2021-04-22T10:03:39+00:00","breadcrumb":{"@id":"https:\/\/bicycle.holiday\/fr\/majorque-la-magnifique\/#breadcrumb"},"inLanguage":"fr-FR","potentialAction":[{"@type":"ReadAction","target":["https:\/\/bicycle.holiday\/fr\/majorque-la-magnifique\/"]}]},{"@type":"ImageObject","inLanguage":"fr-FR","@id":"https:\/\/bicycle.holiday\/fr\/majorque-la-magnifique\/#primaryimage","url":"https:\/\/bicycle.holiday\/wp-content\/uploads\/2020\/04\/DSC_4253-300x200.jpg","contentUrl":"https:\/\/bicycle.holiday\/wp-content\/uploads\/2020\/04\/DSC_4253-300x200.jpg"},{"@type":"BreadcrumbList","@id":"https:\/\/bicycle.holiday\/fr\/majorque-la-magnifique\/#breadcrumb","itemListElement":[{"@type":"ListItem","position":1,"name":"Home","item":"https:\/\/bicycle.holiday\/fr\/"},{"@type":"ListItem","position":2,"name":"Majorque la magnifique"}]},{"@type":"WebSite","@id":"https:\/\/bicycle.holiday\/fr\/#website","url":"https:\/\/bicycle.holiday\/fr\/","name":"www.Bicycle.Holiday","description":"Mallorca active holidays with bike","publisher":{"@id":"https:\/\/bicycle.holiday\/fr\/#organization"},"potentialAction":[{"@type":"SearchAction","target":{"@type":"EntryPoint","urlTemplate":"https:\/\/bicycle.holiday\/fr\/?s={search_term_string}"},"query-input":{"@type":"PropertyValueSpecification","valueRequired":true,"valueName":"search_term_string"}}],"inLanguage":"fr-FR"},{"@type":"Organization","@id":"https:\/\/bicycle.holiday\/fr\/#organization","name":"Bicycle Holiday","url":"https:\/\/bicycle.holiday\/fr\/","logo":{"@type":"ImageObject","inLanguage":"fr-FR","@id":"https:\/\/bicycle.holiday\/fr\/#\/schema\/logo\/image\/","url":"https:\/\/bicycle.holiday\/wp-content\/uploads\/2021\/09\/logo-bicycle-holiday-CTVEREC-FCBK.jpg","contentUrl":"https:\/\/bicycle.holiday\/wp-content\/uploads\/2021\/09\/logo-bicycle-holiday-CTVEREC-FCBK.jpg","width":800,"height":800,"caption":"Bicycle Holiday"},"image":{"@id":"https:\/\/bicycle.holiday\/fr\/#\/schema\/logo\/image\/"},"sameAs":["https:\/\/www.facebook.com\/Bicycle.Holiday"]}]}},"_links":{"self":[{"href":"https:\/\/bicycle.holiday\/fr\/wp-json\/wp\/v2\/pages\/3471","targetHints":{"allow":["GET"]}}],"collection":[{"href":"https:\/\/bicycle.holiday\/fr\/wp-json\/wp\/v2\/pages"}],"about":[{"href":"https:\/\/bicycle.holiday\/fr\/wp-json\/wp\/v2\/types\/page"}],"author":[{"embeddable":true,"href":"https:\/\/bicycle.holiday\/fr\/wp-json\/wp\/v2\/users\/15"}],"replies":[{"embeddable":true,"href":"https:\/\/bicycle.holiday\/fr\/wp-json\/wp\/v2\/comments?post=3471"}],"version-history":[{"count":7,"href":"https:\/\/bicycle.holiday\/fr\/wp-json\/wp\/v2\/pages\/3471\/revisions"}],"predecessor-version":[{"id":3478,"href":"https:\/\/bicycle.holiday\/fr\/wp-json\/wp\/v2\/pages\/3471\/revisions\/3478"}],"wp:attachment":[{"href":"https:\/\/bicycle.holiday\/fr\/wp-json\/wp\/v2\/media?parent=3471"}],"curies":[{"name":"wp","href":"https:\/\/api.w.org\/{rel}","templated":true}]}}