{"id":432,"date":"2020-03-31T13:49:03","date_gmt":"2020-03-31T11:49:03","guid":{"rendered":"https:\/\/bicycle.holiday\/?page_id=432"},"modified":"2020-10-29T11:08:52","modified_gmt":"2020-10-29T10:08:52","slug":"preguntas-frecuentes","status":"publish","type":"page","link":"https:\/\/bicycle.holiday\/es\/preguntas-frecuentes\/","title":{"rendered":"Preguntas Frecuentes"},"content":{"rendered":"<p><strong>Qu\u00e9 tipo de bicicletas ofrec\u00e9is?<\/strong><\/p>\r\n<p><!-- \/wp:post-content -->\r\n\r\n<!-- wp:paragraph --><\/p>\r\n<p>Tenemos varios tipos de bicicletas en nuestro centro de alquiler de bicicletas. Desde las bicicletas b\u00e1sicas estilo fitness hasta las bicicletas el\u00e9ctricas y bicicletas de carretera de carbono con frenos hidra\u00falicos. Ver la oferta aqu\u00ed: XXX<\/p>\r\n<p><!-- \/wp:paragraph -->\r\n\r\n<!-- wp:paragraph --><\/p>\r\n<p><strong>Qu\u00e9 incluye el precio de alquiler? <\/strong><\/p>\r\n<p>Bicicleta preparada a medidas. Seg\u00fan tu altura prepararemos la bicicleta, instalaremos asiento y equiparemos la bicicleta con una bomba, c\u00e1mara de aire addicional y velocimetro inal\u00e1mbrica SIGMA. Tambi\u00e9n recibir\u00e1s un mapa de bicicletas gratuito con rutas dise\u00f1adas y probadas por nosotros. Se ofrecen bebidas isot\u00f3nicas durante todo el d\u00eda, peque\u0148os servicios mec\u00e1nicos, una caja de lavado, equipo de herramientas y un compresor. Adem\u00e1s, obtendr\u00e1s un candado para cerrar y asegurar tu bicicleta durante varios d\u00edas en el centro de ciclismo. El dep\u00f3sito para la cerradura es de 10 \u20ac y se reembolsar\u00e1 en el momento de devolver la bicicleta.<\/p>\r\n<p><!-- \/wp:paragraph -->\r\n\r\n<!-- wp:paragraph \/-->\r\n\r\n<!-- wp:paragraph --><\/p>\r\n<p><strong>Cu\u00e1nto cuesta alquiler una bicicleta?<\/strong><\/p>\r\n<p><!-- \/wp:paragraph -->\r\n\r\n<!-- wp:paragraph --><\/p>\r\n<p>Depende del tipo de la bicicleta y la duraci\u00f3n del alquiler. Puedes encontrar la lista de precios aqu\u00ed: XXX<\/p>\r\n<p><!-- \/wp:paragraph -->\r\n\r\n<!-- wp:paragraph --><\/p>\r\n<p><strong>Es posible alquilar una bicicleta por un solo medio d\u00eda? <\/strong><\/p>\r\n<p><!-- \/wp:paragraph -->\r\n\r\n<!-- wp:paragraph --><\/p>\r\n<p>Esta opci\u00f3n no es posible.<\/p>\r\n<p><!-- \/wp:paragraph -->\r\n\r\n<!-- wp:paragraph --><\/p>\r\n<p><strong>Es posible alquilar una bicicleta por diferentes d\u00edas pero no seguidos? <\/strong><\/p>\r\n<p><!-- \/wp:paragraph -->\r\n\r\n<!-- wp:paragraph --><\/p>\r\n<p>Si, pero siempre depender\u00e1 de la disponibilidad de la bicicleta.<\/p>\r\n<p><!-- \/wp:paragraph -->\r\n\r\n<!-- wp:paragraph --><\/p>\r\n<p><strong>C\u00f3mo est\u00e1 equipada la bicicleta? Necesito traer algo? <\/strong><\/p>\r\n<p><!-- \/wp:paragraph -->\r\n\r\n<!-- wp:paragraph --><\/p>\r\n<p>Cada\u00a0 bicicleta est\u00e1 equipada con dos cestas para botellas, bomba, c\u00e1mara de aire addicional y veloc\u00edmetro inal\u00e1mbrica SIGMA. Necesitas traer tus pedales y cascos.<\/p>\r\n<p><!-- \/wp:paragraph -->\r\n\r\n<!-- wp:paragraph --><\/p>\r\n<p><strong>Ofrecen bicicletas para ni\u00f1os? Asientos de bicicletas y remolques? <\/strong><\/p>\r\n<p><!-- \/wp:paragraph -->\r\n\r\n<!-- wp:paragraph --><\/p>\r\n<p>No ofrecemos bicicletas para ni\u00f1os. Tampoco asientos y remolques.<\/p>\r\n<p><!-- \/wp:paragraph -->\r\n\r\n<!-- wp:paragraph --><\/p>\r\n<p><strong>Alquilas bicicletas de monta\u00f1a? <\/strong><\/p>\r\n<p><!-- \/wp:paragraph -->\r\n\r\n<!-- wp:paragraph --><\/p>\r\n<p>No ofrecemos bicicletas de monta\u00f1a.<\/p>\r\n<p><!-- \/wp:paragraph -->\r\n\r\n<!-- wp:paragraph --><\/p>\r\n<p><strong>Qu\u00e9 exactamente significa un \u00abd\u00eda de alquil\u00e9r\u00bb? <\/strong><\/p>\r\n<p><!-- \/wp:paragraph -->\r\n\r\n<!-- wp:paragraph --><\/p>\r\n<p>El alquiler comienza a las 9am. Las bicicletas se tienen que devolver lo m\u00e1s tarde a las\u00a0 5pm.<\/p>\r\n<p><!-- \/wp:paragraph -->\r\n\r\n<!-- wp:paragraph --><\/p>\r\n<p><strong>Ten\u00e9is cerraduras de la bicicleta?<\/strong><\/p>\r\n<p><!-- \/wp:paragraph -->\r\n\r\n<!-- wp:paragraph --><\/p>\r\n<p>Tenemos una capacidad limitada de cerraduras, por lo que siempre es necesario consultar el estado de antemano.<\/p>\r\n<p><!-- \/wp:paragraph -->\r\n\r\n<!-- wp:paragraph --><\/p>\r\n<p><strong>Qu\u00e9 sucede si no devuelvo la bicicleta a tiempo ? <\/strong><\/p>\r\n<p><!-- \/wp:paragraph -->\r\n\r\n<!-- wp:paragraph --><\/p>\r\n<p>La bicicleta debe ser\u00a0 devuelta antes de las\u00a0 5pm. Si este no es el caso, se te pedir\u00e1 que pagues una tarifa de \u20ac 10. El centro de alquiler de bicicletas cierra a las\u00a0 18:30, por lo que es la \u00faltima hora para devolver la bicicleta alquilada. La bicicleta debe devolverse limpia, sin da\u00f1os y al tiempo, es decir, antes de las 5pm. La caja de lavado se puede encontrar fuera del centro de ciclismo.<\/p>\r\n<p><!-- \/wp:paragraph -->\r\n\r\n<!-- wp:paragraph --><\/p>\r\n<p><strong>Las bicicletas tienen seguro?<\/strong><\/p>\r\n<p><!-- \/wp:paragraph -->\r\n\r\n<!-- wp:paragraph --><\/p>\r\n<p>Las bicicletas est\u00e1n aseguradas contra cualquier da\u00f1o en el accidente. El seguro no incluye robo de la bicicleta o la perdida de la bicicleta y defectos en las ruedas. En caso de robo o p\u00e9rdida de la bicicleta es necesario pagar la bicicleta al valor de la venta. C\u00e1mara de aire adicional cuesta 5 \u20ac.<\/p>\r\n<p><!-- \/wp:paragraph -->\r\n\r\n<!-- wp:paragraph --><\/p>\r\n<p><strong>Qu\u00e9 pasa si no podr\u00e9 venir? Cu\u00e1les son las condiciones de cancelaci\u00f3n? <\/strong><\/p>\r\n<p><!-- \/wp:paragraph -->\r\n\r\n<!-- wp:paragraph --><\/p>\r\n<p>Es posible realizar cambios en la reserva de alquiler de bicicletas. Por cada cambio individual que resulte menos d\u00edas de alquiler o se hace cambio por un modelo m\u00e1s barato, se cobra 10 \u20ac. No hay ning\u00fan cargo por aumentar el n\u00famero de d\u00edas de alquiler o por alquilar el modelo m\u00e1s costoso.<\/p>\r\n<p><!-- \/wp:paragraph -->\r\n\r\n<!-- wp:paragraph --><\/p>\r\n<p>Pol\u00edtica de cancelaci\u00f3n: 3 o m\u00e1s d\u00edas antes de la salida 10 \u20ac \/ alquiler, 2 o menos d\u00edas antes de la llegada 80% del precio del alquiler, m\u00e1ximo 70 \u20ac. Las tarifas de cambio y cancelaci\u00f3n se cobran por adelantado a trav\u00e9s del socio de ventas.<\/p>\r\n<p><!-- \/wp:paragraph -->\r\n\r\n<!-- wp:paragraph --><\/p>\r\n<p><strong>Hay suficiente espacio en el garaje si traigo mi propia bicicleta? <br \/><\/strong><\/p>\r\n<p><!-- \/wp:paragraph -->\r\n\r\n<!-- wp:paragraph --><\/p>\r\n<p>Si, el centro de bicicletas tiene una capacidad de 440 ganchos. Siempre te proporcionaremos un lugar.<\/p>\r\n<p><!-- \/wp:paragraph -->\r\n\r\n<!-- wp:paragraph --><\/p>\r\n<p><strong>Va a estar mi bicicleta en el lugar bastante seguro?<\/strong><\/p>\r\n<p><!-- \/wp:paragraph -->\r\n\r\n<!-- wp:paragraph --><\/p>\r\n<p>El centro de alquiler de bicicletas est\u00e1 protegido por un sistema de c\u00e1mara y provisto de una alarma. Todas las bicicletas est\u00e1n bloqueadas con cable de acero de seguridad por la noche. Tambi\u00e9n puedes asegurar tu bicicleta con la cerradura que recibes en el taller de ciclismo.<\/p>\r\n<p><!-- \/wp:paragraph -->\r\n\r\n<!-- wp:paragraph --><\/p>\r\n<p><strong>Es necesario reservar una bici online?<\/strong><\/p>\r\n<p><!-- \/wp:paragraph -->\r\n\r\n<!-- wp:paragraph --><\/p>\r\n<p>Las bicicletas se pueden reservar online por internet o en la llegada. Sin embargo, si reservas en el acto, puede ser que no disponemos del tama\u00f1o de la bicicleta para ti.<\/p>\r\n<p><!-- \/wp:paragraph -->\r\n\r\n<!-- wp:paragraph --><\/p>\r\n<p><strong>No estoy seguro del tama\u00f1o de la bicicleta que tengo que elegir para alquilar. Me pod\u00e9is ayudar a tomar la decisi\u00f3n correcta? <br \/><\/strong><\/p>\r\n<p><!-- \/wp:paragraph -->\r\n\r\n<!-- wp:paragraph --><\/p>\r\n<p>Por supuesto estaremos encantados de ayudarte a elegir el tama\u00f1o de la bicicleta. Todo lo que necesitamos saber es tu altura.<\/p>\r\n<p><!-- \/wp:paragraph -->\r\n\r\n<!-- wp:paragraph --><\/p>\r\n<p><strong>Ofrec\u00e9is transporte para ciclistas en la lista?<\/strong><\/p>\r\n<p><!-- \/wp:paragraph -->\r\n\r\n<!-- wp:paragraph --><\/p>\r\n<p>Si. Estamos encantados de organizar traslado a cualquier lugar de la isla.<\/p>\r\n<p><!-- \/wp:paragraph -->\r\n\r\n<!-- wp:paragraph --><\/p>\r\n<p><strong>Cu\u00e1les son los precios del transporte?<\/strong><\/p>\r\n<p><!-- \/wp:paragraph -->\r\n\r\n<!-- wp:paragraph --><\/p>\r\n<table width=\"95%\">\r\n<tbody>\r\n<tr>\r\n<td width=\"23%\">\r\n<p>Pasajeros<\/p>\r\n<\/td>\r\n<td width=\"9%\">\r\n<p>1<\/p>\r\n<\/td>\r\n<td width=\"9%\">\r\n<p>2<\/p>\r\n<\/td>\r\n<td width=\"7%\">\r\n<p>3<\/p>\r\n<\/td>\r\n<td width=\"7%\">\r\n<p>4<\/p>\r\n<\/td>\r\n<td width=\"7%\">\r\n<p>5<\/p>\r\n<\/td>\r\n<td width=\"9%\">\r\n<p>6<\/p>\r\n<\/td>\r\n<td width=\"9%\">\r\n<p>7<\/p>\r\n<\/td>\r\n<td width=\"94%\">\r\n<p>Pr\u00f3ximo pasajero<\/p>\r\n<\/td>\r\n<\/tr>\r\n<tr>\r\n<td width=\"23%\">\r\n<p>Precio por persona<\/p>\r\n<\/td>\r\n<td width=\"9%\">\r\n<p>112 \u20ac<\/p>\r\n<\/td>\r\n<td width=\"9%\">\r\n<p>56 \u20ac<\/p>\r\n<\/td>\r\n<td width=\"7%\">\r\n<p>37 \u20ac<\/p>\r\n<\/td>\r\n<td width=\"7%\">\r\n<p>28 \u20ac<\/p>\r\n<\/td>\r\n<td width=\"7%\">\r\n<p>22 \u20ac<\/p>\r\n<\/td>\r\n<td width=\"9%\">\r\n<p>19 \u20ac<\/p>\r\n<\/td>\r\n<td width=\"9%\">\r\n<p>16 \u20ac<\/p>\r\n<\/td>\r\n<td width=\"94%\">\r\n<p>+16 \u20ac<\/p>\r\n<\/td>\r\n<\/tr>\r\n<\/tbody>\r\n<\/table>\r\n<p><span class=\"tlid-translation translation\" lang=\"es\"><span class=\"\" title=\"\">Los precios son v\u00e1lidos en toda la isla e incluyen el traslado seguro de bicicletas en un remolque especial para bicicletas.<\/span><\/span><\/p>\r\n<p><!-- \/wp:paragraph -->\r\n\r\n<!-- wp:paragraph --><\/p>\r\n<p><strong>Qu\u00e9 pasa si tengo un accidente en la bicicleta?<\/strong><\/p>\r\n<p><!-- \/wp:paragraph -->\r\n\r\n<!-- wp:paragraph --><\/p>\r\n<p>Antes de ir a montar bici recibir\u00e1s nuestro n\u00famero de tel\u00e9fono al que puedas llamar en caso de emergencia. Nuestro equipo le asistir\u00e1 en el camino.<\/p>\r\n<p><!-- \/wp:paragraph -->\r\n\r\n<!-- wp:paragraph --><\/p>\r\n<p><strong>Me pod\u00e9is recomendar alguna excursi\u00f3n por la isla? <br \/><\/strong><\/p>\r\n<p><!-- \/wp:paragraph -->\r\n\r\n<!-- wp:paragraph --><\/p>\r\n<p>Si. Estaremos encantados de darte un mapa de bicicletas gratuito con rutas dise\u00f1adas y probadas por nosotros. O puedes descargar rutas. gpx<\/p>\r\n<p><!-- \/wp:paragraph -->\r\n\r\n<!-- wp:paragraph --><\/p>\r\n<p><strong>Vend\u00e9is accesorios para ciclismo como bidones y mapas?<\/strong><\/p>\r\n<p><!-- \/wp:paragraph -->\r\n\r\n<!-- wp:paragraph --><\/p>\r\n<p>Si. Los bidones vendemos por 5 \u20ac. Un mapa de bicicletas es gratuito.<\/p>\r\n<p><!-- \/wp:paragraph -->\r\n\r\n<!-- wp:paragraph --><\/p>\r\n<p><strong>Qu\u00e9 idiomas habl\u00e1is?<\/strong><\/p>\r\n<p><!-- \/wp:paragraph -->\r\n\r\n<!-- wp:paragraph --><\/p>\r\n<p>Checo, Ingl\u00e9s, Espa\u00f1ol y un poco Alem\u00e1n.<\/p>\r\n<p><!-- \/wp:paragraph -->\r\n\r\n<!-- wp:paragraph --><\/p>\r\n<p><strong>Cu\u00e1les son vuestro horario de apertura?<\/strong><\/p>\r\n<p><!-- \/wp:paragraph -->\r\n\r\n<!-- wp:paragraph --><\/p>\r\n<p>Abierto 7 d\u00edas de la semana durante nuestro horario de atenci\u00f3n de 9 am &#8211; 12 pm y de 3 pm &#8211; 6:30 pm.<\/p>\r\n<p><!-- \/wp:paragraph -->\r\n\r\n<!-- wp:paragraph --><\/p>\r\n<p>Campamento de ciclismo en primavera 2021: Hotel Caballero: 19.2 &#8211; 26.3.2021, Hotel Rei del Mediterrani Palace: 26.3 &#8211; 14.5. 2021.<\/p>\r\n<p><span data-sheets-formula-bar-text-style=\"font-size:15px;color:#000000;font-weight:normal;text-decoration:none;font-family:'Arial';font-style:normal;text-decoration-skip-ink:none;\">Campamento de ciclismo en oto\u00f1o:<\/span> XXX<\/p>\r\n<p><!-- \/wp:paragraph -->\r\n\r\n<!-- wp:paragraph --><\/p>\r\n<p><strong>Son las carreteras en Mallorca seguras para el ciclismo?<\/strong><\/p>\r\n<p>Si. En Mallorca hay innumerables caminos tranquiulos y seguros para el ciclismo. Adem\u00e1s, las carreteras principales y secundarias tienen una superficie de asfalto de calidad y los conductores son cosiderados. Te asesoraremos a d\u00f3nde ir.<\/p>\r\n<p><!-- \/wp:paragraph -->\r\n\r\n<!-- wp:paragraph \/-->\r\n\r\n<!-- wp:paragraph --><\/p>\r\n<p><strong>Cu\u00e1les son las reglas del tr\u00e1fico para las bicicletas? <br \/><\/strong><\/p>\r\n<p><!-- \/wp:paragraph -->\r\n\r\n<!-- wp:paragraph --><\/p>\r\n<p>Un casco de seguridad es obligatorio en todas las carreteras tambi\u00e9n fuera del pueblo.<\/p>","protected":false},"excerpt":{"rendered":"<p>Qu\u00e9 tipo de bicicletas ofrec\u00e9is? Tenemos varios tipos de bicicletas en nuestro centro de alquiler de bicicletas. Desde las bicicletas b\u00e1sicas estilo fitness hasta las bicicletas el\u00e9ctricas y bicicletas de carretera de carbono con frenos hidra\u00falicos. Ver la oferta aqu\u00ed: XXX Qu\u00e9 incluye el precio de alquiler? Bicicleta preparada a medidas. Seg\u00fan tu altura prepararemos [&hellip;]<\/p>\n","protected":false},"author":1,"featured_media":0,"parent":0,"menu_order":44,"comment_status":"closed","ping_status":"closed","template":"","meta":{"_acf_changed":false,"footnotes":""},"class_list":["post-432","page","type-page","status-publish","hentry"],"acf":[],"yoast_head":"<!-- This site is optimized with the Yoast SEO plugin v27.4 - https:\/\/yoast.com\/product\/yoast-seo-wordpress\/ -->\n<title>Preguntas Frecuentes - Bicycle.Holiday<\/title>\n<meta name=\"robots\" content=\"index, follow, max-snippet:-1, max-image-preview:large, max-video-preview:-1\" \/>\n<link rel=\"canonical\" href=\"https:\/\/bicycle.holiday\/es\/preguntas-frecuentes\/\" \/>\n<meta property=\"og:locale\" content=\"es_ES\" \/>\n<meta property=\"og:type\" content=\"article\" \/>\n<meta property=\"og:title\" content=\"Preguntas Frecuentes - Bicycle.Holiday\" \/>\n<meta property=\"og:description\" content=\"Qu\u00e9 tipo de bicicletas ofrec\u00e9is? Tenemos varios tipos de bicicletas en nuestro centro de alquiler de bicicletas. Desde las bicicletas b\u00e1sicas estilo fitness hasta las bicicletas el\u00e9ctricas y bicicletas de carretera de carbono con frenos hidra\u00falicos. Ver la oferta aqu\u00ed: XXX Qu\u00e9 incluye el precio de alquiler? Bicicleta preparada a medidas. Seg\u00fan tu altura prepararemos [&hellip;]\" \/>\n<meta property=\"og:url\" content=\"https:\/\/bicycle.holiday\/es\/preguntas-frecuentes\/\" \/>\n<meta property=\"og:site_name\" content=\"Bicycle.Holiday\" \/>\n<meta property=\"article:publisher\" content=\"https:\/\/www.facebook.com\/Bicycle.Holiday\" \/>\n<meta property=\"article:modified_time\" content=\"2020-10-29T10:08:52+00:00\" \/>\n<meta name=\"twitter:card\" content=\"summary_large_image\" \/>\n<meta name=\"twitter:label1\" content=\"Tiempo de lectura\" \/>\n\t<meta name=\"twitter:data1\" content=\"5 minutos\" \/>\n<script type=\"application\/ld+json\" class=\"yoast-schema-graph\">{\"@context\":\"https:\\\/\\\/schema.org\",\"@graph\":[{\"@type\":\"WebPage\",\"@id\":\"https:\\\/\\\/bicycle.holiday\\\/es\\\/preguntas-frecuentes\\\/\",\"url\":\"https:\\\/\\\/bicycle.holiday\\\/es\\\/preguntas-frecuentes\\\/\",\"name\":\"Preguntas Frecuentes - Bicycle.Holiday\",\"isPartOf\":{\"@id\":\"https:\\\/\\\/bicycle.holiday\\\/es\\\/#website\"},\"datePublished\":\"2020-03-31T11:49:03+00:00\",\"dateModified\":\"2020-10-29T10:08:52+00:00\",\"breadcrumb\":{\"@id\":\"https:\\\/\\\/bicycle.holiday\\\/es\\\/preguntas-frecuentes\\\/#breadcrumb\"},\"inLanguage\":\"es\",\"potentialAction\":[{\"@type\":\"ReadAction\",\"target\":[\"https:\\\/\\\/bicycle.holiday\\\/es\\\/preguntas-frecuentes\\\/\"]}]},{\"@type\":\"BreadcrumbList\",\"@id\":\"https:\\\/\\\/bicycle.holiday\\\/es\\\/preguntas-frecuentes\\\/#breadcrumb\",\"itemListElement\":[{\"@type\":\"ListItem\",\"position\":1,\"name\":\"Home\",\"item\":\"https:\\\/\\\/bicycle.holiday\\\/es\\\/\"},{\"@type\":\"ListItem\",\"position\":2,\"name\":\"Preguntas Frecuentes\"}]},{\"@type\":\"WebSite\",\"@id\":\"https:\\\/\\\/bicycle.holiday\\\/es\\\/#website\",\"url\":\"https:\\\/\\\/bicycle.holiday\\\/es\\\/\",\"name\":\"www.Bicycle.Holiday\",\"description\":\"Mallorca active holidays with bike\",\"publisher\":{\"@id\":\"https:\\\/\\\/bicycle.holiday\\\/es\\\/#organization\"},\"potentialAction\":[{\"@type\":\"SearchAction\",\"target\":{\"@type\":\"EntryPoint\",\"urlTemplate\":\"https:\\\/\\\/bicycle.holiday\\\/es\\\/?s={search_term_string}\"},\"query-input\":{\"@type\":\"PropertyValueSpecification\",\"valueRequired\":true,\"valueName\":\"search_term_string\"}}],\"inLanguage\":\"es\"},{\"@type\":\"Organization\",\"@id\":\"https:\\\/\\\/bicycle.holiday\\\/es\\\/#organization\",\"name\":\"Bicycle Holiday\",\"url\":\"https:\\\/\\\/bicycle.holiday\\\/es\\\/\",\"logo\":{\"@type\":\"ImageObject\",\"inLanguage\":\"es\",\"@id\":\"https:\\\/\\\/bicycle.holiday\\\/es\\\/#\\\/schema\\\/logo\\\/image\\\/\",\"url\":\"https:\\\/\\\/bicycle.holiday\\\/wp-content\\\/uploads\\\/2021\\\/09\\\/logo-bicycle-holiday-CTVEREC-FCBK.jpg\",\"contentUrl\":\"https:\\\/\\\/bicycle.holiday\\\/wp-content\\\/uploads\\\/2021\\\/09\\\/logo-bicycle-holiday-CTVEREC-FCBK.jpg\",\"width\":800,\"height\":800,\"caption\":\"Bicycle Holiday\"},\"image\":{\"@id\":\"https:\\\/\\\/bicycle.holiday\\\/es\\\/#\\\/schema\\\/logo\\\/image\\\/\"},\"sameAs\":[\"https:\\\/\\\/www.facebook.com\\\/Bicycle.Holiday\"]}]}<\/script>\n<!-- \/ Yoast SEO plugin. -->","yoast_head_json":{"title":"Preguntas Frecuentes - Bicycle.Holiday","robots":{"index":"index","follow":"follow","max-snippet":"max-snippet:-1","max-image-preview":"max-image-preview:large","max-video-preview":"max-video-preview:-1"},"canonical":"https:\/\/bicycle.holiday\/es\/preguntas-frecuentes\/","og_locale":"es_ES","og_type":"article","og_title":"Preguntas Frecuentes - Bicycle.Holiday","og_description":"Qu\u00e9 tipo de bicicletas ofrec\u00e9is? Tenemos varios tipos de bicicletas en nuestro centro de alquiler de bicicletas. Desde las bicicletas b\u00e1sicas estilo fitness hasta las bicicletas el\u00e9ctricas y bicicletas de carretera de carbono con frenos hidra\u00falicos. Ver la oferta aqu\u00ed: XXX Qu\u00e9 incluye el precio de alquiler? Bicicleta preparada a medidas. Seg\u00fan tu altura prepararemos [&hellip;]","og_url":"https:\/\/bicycle.holiday\/es\/preguntas-frecuentes\/","og_site_name":"Bicycle.Holiday","article_publisher":"https:\/\/www.facebook.com\/Bicycle.Holiday","article_modified_time":"2020-10-29T10:08:52+00:00","twitter_card":"summary_large_image","twitter_misc":{"Tiempo de lectura":"5 minutos"},"schema":{"@context":"https:\/\/schema.org","@graph":[{"@type":"WebPage","@id":"https:\/\/bicycle.holiday\/es\/preguntas-frecuentes\/","url":"https:\/\/bicycle.holiday\/es\/preguntas-frecuentes\/","name":"Preguntas Frecuentes - Bicycle.Holiday","isPartOf":{"@id":"https:\/\/bicycle.holiday\/es\/#website"},"datePublished":"2020-03-31T11:49:03+00:00","dateModified":"2020-10-29T10:08:52+00:00","breadcrumb":{"@id":"https:\/\/bicycle.holiday\/es\/preguntas-frecuentes\/#breadcrumb"},"inLanguage":"es","potentialAction":[{"@type":"ReadAction","target":["https:\/\/bicycle.holiday\/es\/preguntas-frecuentes\/"]}]},{"@type":"BreadcrumbList","@id":"https:\/\/bicycle.holiday\/es\/preguntas-frecuentes\/#breadcrumb","itemListElement":[{"@type":"ListItem","position":1,"name":"Home","item":"https:\/\/bicycle.holiday\/es\/"},{"@type":"ListItem","position":2,"name":"Preguntas Frecuentes"}]},{"@type":"WebSite","@id":"https:\/\/bicycle.holiday\/es\/#website","url":"https:\/\/bicycle.holiday\/es\/","name":"www.Bicycle.Holiday","description":"Mallorca active holidays with bike","publisher":{"@id":"https:\/\/bicycle.holiday\/es\/#organization"},"potentialAction":[{"@type":"SearchAction","target":{"@type":"EntryPoint","urlTemplate":"https:\/\/bicycle.holiday\/es\/?s={search_term_string}"},"query-input":{"@type":"PropertyValueSpecification","valueRequired":true,"valueName":"search_term_string"}}],"inLanguage":"es"},{"@type":"Organization","@id":"https:\/\/bicycle.holiday\/es\/#organization","name":"Bicycle Holiday","url":"https:\/\/bicycle.holiday\/es\/","logo":{"@type":"ImageObject","inLanguage":"es","@id":"https:\/\/bicycle.holiday\/es\/#\/schema\/logo\/image\/","url":"https:\/\/bicycle.holiday\/wp-content\/uploads\/2021\/09\/logo-bicycle-holiday-CTVEREC-FCBK.jpg","contentUrl":"https:\/\/bicycle.holiday\/wp-content\/uploads\/2021\/09\/logo-bicycle-holiday-CTVEREC-FCBK.jpg","width":800,"height":800,"caption":"Bicycle Holiday"},"image":{"@id":"https:\/\/bicycle.holiday\/es\/#\/schema\/logo\/image\/"},"sameAs":["https:\/\/www.facebook.com\/Bicycle.Holiday"]}]}},"_links":{"self":[{"href":"https:\/\/bicycle.holiday\/es\/wp-json\/wp\/v2\/pages\/432","targetHints":{"allow":["GET"]}}],"collection":[{"href":"https:\/\/bicycle.holiday\/es\/wp-json\/wp\/v2\/pages"}],"about":[{"href":"https:\/\/bicycle.holiday\/es\/wp-json\/wp\/v2\/types\/page"}],"author":[{"embeddable":true,"href":"https:\/\/bicycle.holiday\/es\/wp-json\/wp\/v2\/users\/1"}],"replies":[{"embeddable":true,"href":"https:\/\/bicycle.holiday\/es\/wp-json\/wp\/v2\/comments?post=432"}],"version-history":[{"count":12,"href":"https:\/\/bicycle.holiday\/es\/wp-json\/wp\/v2\/pages\/432\/revisions"}],"predecessor-version":[{"id":3247,"href":"https:\/\/bicycle.holiday\/es\/wp-json\/wp\/v2\/pages\/432\/revisions\/3247"}],"wp:attachment":[{"href":"https:\/\/bicycle.holiday\/es\/wp-json\/wp\/v2\/media?parent=432"}],"curies":[{"name":"wp","href":"https:\/\/api.w.org\/{rel}","templated":true}]}}