{"id":433,"date":"2020-03-31T13:49:22","date_gmt":"2020-03-31T11:49:22","guid":{"rendered":"https:\/\/bicycle.holiday\/?page_id=433"},"modified":"2020-10-23T12:55:41","modified_gmt":"2020-10-23T10:55:41","slug":"kontakt","status":"publish","type":"page","link":"https:\/\/bicycle.holiday\/cs\/kontakt\/","title":{"rendered":"Kontakt"},"content":{"rendered":"&#13;\n<p>www.bicycle.holiday<\/p>&#13;\n&#13;\n<p>Located in Hotel Rei del Mediterrani Palace 4*<\/p>&#13;\n&#13;\n<p>Carrer Circuit del Llac, 136-140, 07458 Muro, Illes Balears, Spain.<\/p>&#13;\n&#13;\n<p>Opening hours<\/p>&#13;\n&#13;\n<p>9:00 &#8211; 12:00 and 15:00-18:30 7 days a week<\/p>&#13;\n&#13;\n<p>Kempy 2020: 13.03.2020 &#8211; 12.05.2020 and 14.9.2020 &#8211; 27.10.2020<\/p>&#13;\n<p>(aktualizov\u00e1no : 23.4.2020)<\/p>&#13;\n<p>In our cycling center we offer any repair or maintenance. From simple tube replacement, seat adjustment, wheel alignment, hydraulic brake system repair, fault diagnosis, stringing and centering of all kinds of bicycle spokes.<\/p>&#13;\n<p>Professional mechanics will be at your disposal to offer quick and safe service. You can be sure that all rented bikes are 100% serviced.\u00a0<\/p>&#13;\n<p>Your satisfaction is important for us. We would like you to enjoy your bike holiday as much as possible and we will do our best to satisfy your needs and wishes.<\/p>&#13;\n<p>\u00a0<\/p>&#13;\n","protected":false},"excerpt":{"rendered":"<p>&#13; www.bicycle.holiday &#13; &#13; Located in Hotel Rei del Mediterrani Palace 4* &#13; &#13; Carrer Circuit del Llac, 136-140, 07458 Muro, Illes Balears, Spain. &#13; &#13; Opening hours &#13; &#13; 9:00 &#8211; 12:00 and 15:00-18:30 7 days a week &#13; &#13; Kempy 2020: 13.03.2020 &#8211; 12.05.2020 and 14.9.2020 &#8211; 27.10.2020 &#13; (aktualizov\u00e1no : 23.4.2020) &#13; [&hellip;]<\/p>\n","protected":false},"author":1,"featured_media":0,"parent":0,"menu_order":38,"comment_status":"closed","ping_status":"closed","template":"content-contact.php","meta":{"_acf_changed":false,"footnotes":""},"class_list":["post-433","page","type-page","status-publish","hentry"],"acf":[],"yoast_head":"<!-- This site is optimized with the Yoast SEO plugin v27.4 - https:\/\/yoast.com\/product\/yoast-seo-wordpress\/ -->\n<title>Kontakt - Bicycle.Holiday<\/title>\n<meta name=\"robots\" content=\"index, follow, max-snippet:-1, max-image-preview:large, max-video-preview:-1\" \/>\n<link rel=\"canonical\" href=\"https:\/\/bicycle.holiday\/cs\/kontakt\/\" \/>\n<meta property=\"og:locale\" content=\"cs_CZ\" \/>\n<meta property=\"og:type\" content=\"article\" \/>\n<meta property=\"og:title\" content=\"Kontakt - Bicycle.Holiday\" \/>\n<meta property=\"og:description\" content=\"&#013; www.bicycle.holiday &#013; &#013; Located in Hotel Rei del Mediterrani Palace 4* &#013; &#013; Carrer Circuit del Llac, 136-140, 07458 Muro, Illes Balears, Spain. &#013; &#013; Opening hours &#013; &#013; 9:00 &#8211; 12:00 and 15:00-18:30 7 days a week &#013; &#013; Kempy 2020: 13.03.2020 &#8211; 12.05.2020 and 14.9.2020 &#8211; 27.10.2020 &#013; (aktualizov\u00e1no : 23.4.2020) &#013; [&hellip;]\" \/>\n<meta property=\"og:url\" content=\"https:\/\/bicycle.holiday\/cs\/kontakt\/\" \/>\n<meta property=\"og:site_name\" content=\"Bicycle.Holiday\" \/>\n<meta property=\"article:publisher\" content=\"https:\/\/www.facebook.com\/Bicycle.Holiday\" \/>\n<meta property=\"article:modified_time\" content=\"2020-10-23T10:55:41+00:00\" \/>\n<meta name=\"twitter:card\" content=\"summary_large_image\" \/>\n<meta name=\"twitter:label1\" content=\"Odhadovan\u00e1 doba \u010dten\u00ed\" \/>\n\t<meta name=\"twitter:data1\" content=\"1 minuta\" \/>\n<script type=\"application\/ld+json\" class=\"yoast-schema-graph\">{\"@context\":\"https:\\\/\\\/schema.org\",\"@graph\":[{\"@type\":\"WebPage\",\"@id\":\"https:\\\/\\\/bicycle.holiday\\\/cs\\\/kontakt\\\/\",\"url\":\"https:\\\/\\\/bicycle.holiday\\\/cs\\\/kontakt\\\/\",\"name\":\"Kontakt - Bicycle.Holiday\",\"isPartOf\":{\"@id\":\"https:\\\/\\\/bicycle.holiday\\\/cs\\\/#website\"},\"datePublished\":\"2020-03-31T11:49:22+00:00\",\"dateModified\":\"2020-10-23T10:55:41+00:00\",\"breadcrumb\":{\"@id\":\"https:\\\/\\\/bicycle.holiday\\\/cs\\\/kontakt\\\/#breadcrumb\"},\"inLanguage\":\"cs\",\"potentialAction\":[{\"@type\":\"ReadAction\",\"target\":[\"https:\\\/\\\/bicycle.holiday\\\/cs\\\/kontakt\\\/\"]}]},{\"@type\":\"BreadcrumbList\",\"@id\":\"https:\\\/\\\/bicycle.holiday\\\/cs\\\/kontakt\\\/#breadcrumb\",\"itemListElement\":[{\"@type\":\"ListItem\",\"position\":1,\"name\":\"Home\",\"item\":\"https:\\\/\\\/bicycle.holiday\\\/cs\\\/\"},{\"@type\":\"ListItem\",\"position\":2,\"name\":\"Kontakt\"}]},{\"@type\":\"WebSite\",\"@id\":\"https:\\\/\\\/bicycle.holiday\\\/cs\\\/#website\",\"url\":\"https:\\\/\\\/bicycle.holiday\\\/cs\\\/\",\"name\":\"www.Bicycle.Holiday\",\"description\":\"Mallorca active holidays with bike\",\"publisher\":{\"@id\":\"https:\\\/\\\/bicycle.holiday\\\/cs\\\/#organization\"},\"potentialAction\":[{\"@type\":\"SearchAction\",\"target\":{\"@type\":\"EntryPoint\",\"urlTemplate\":\"https:\\\/\\\/bicycle.holiday\\\/cs\\\/?s={search_term_string}\"},\"query-input\":{\"@type\":\"PropertyValueSpecification\",\"valueRequired\":true,\"valueName\":\"search_term_string\"}}],\"inLanguage\":\"cs\"},{\"@type\":\"Organization\",\"@id\":\"https:\\\/\\\/bicycle.holiday\\\/cs\\\/#organization\",\"name\":\"Bicycle Holiday\",\"url\":\"https:\\\/\\\/bicycle.holiday\\\/cs\\\/\",\"logo\":{\"@type\":\"ImageObject\",\"inLanguage\":\"cs\",\"@id\":\"https:\\\/\\\/bicycle.holiday\\\/cs\\\/#\\\/schema\\\/logo\\\/image\\\/\",\"url\":\"https:\\\/\\\/bicycle.holiday\\\/wp-content\\\/uploads\\\/2021\\\/09\\\/logo-bicycle-holiday-CTVEREC-FCBK.jpg\",\"contentUrl\":\"https:\\\/\\\/bicycle.holiday\\\/wp-content\\\/uploads\\\/2021\\\/09\\\/logo-bicycle-holiday-CTVEREC-FCBK.jpg\",\"width\":800,\"height\":800,\"caption\":\"Bicycle Holiday\"},\"image\":{\"@id\":\"https:\\\/\\\/bicycle.holiday\\\/cs\\\/#\\\/schema\\\/logo\\\/image\\\/\"},\"sameAs\":[\"https:\\\/\\\/www.facebook.com\\\/Bicycle.Holiday\"]}]}<\/script>\n<!-- \/ Yoast SEO plugin. -->","yoast_head_json":{"title":"Kontakt - Bicycle.Holiday","robots":{"index":"index","follow":"follow","max-snippet":"max-snippet:-1","max-image-preview":"max-image-preview:large","max-video-preview":"max-video-preview:-1"},"canonical":"https:\/\/bicycle.holiday\/cs\/kontakt\/","og_locale":"cs_CZ","og_type":"article","og_title":"Kontakt - Bicycle.Holiday","og_description":"&#13; www.bicycle.holiday &#13; &#13; Located in Hotel Rei del Mediterrani Palace 4* &#13; &#13; Carrer Circuit del Llac, 136-140, 07458 Muro, Illes Balears, Spain. &#13; &#13; Opening hours &#13; &#13; 9:00 &#8211; 12:00 and 15:00-18:30 7 days a week &#13; &#13; Kempy 2020: 13.03.2020 &#8211; 12.05.2020 and 14.9.2020 &#8211; 27.10.2020 &#13; (aktualizov\u00e1no : 23.4.2020) &#13; [&hellip;]","og_url":"https:\/\/bicycle.holiday\/cs\/kontakt\/","og_site_name":"Bicycle.Holiday","article_publisher":"https:\/\/www.facebook.com\/Bicycle.Holiday","article_modified_time":"2020-10-23T10:55:41+00:00","twitter_card":"summary_large_image","twitter_misc":{"Odhadovan\u00e1 doba \u010dten\u00ed":"1 minuta"},"schema":{"@context":"https:\/\/schema.org","@graph":[{"@type":"WebPage","@id":"https:\/\/bicycle.holiday\/cs\/kontakt\/","url":"https:\/\/bicycle.holiday\/cs\/kontakt\/","name":"Kontakt - Bicycle.Holiday","isPartOf":{"@id":"https:\/\/bicycle.holiday\/cs\/#website"},"datePublished":"2020-03-31T11:49:22+00:00","dateModified":"2020-10-23T10:55:41+00:00","breadcrumb":{"@id":"https:\/\/bicycle.holiday\/cs\/kontakt\/#breadcrumb"},"inLanguage":"cs","potentialAction":[{"@type":"ReadAction","target":["https:\/\/bicycle.holiday\/cs\/kontakt\/"]}]},{"@type":"BreadcrumbList","@id":"https:\/\/bicycle.holiday\/cs\/kontakt\/#breadcrumb","itemListElement":[{"@type":"ListItem","position":1,"name":"Home","item":"https:\/\/bicycle.holiday\/cs\/"},{"@type":"ListItem","position":2,"name":"Kontakt"}]},{"@type":"WebSite","@id":"https:\/\/bicycle.holiday\/cs\/#website","url":"https:\/\/bicycle.holiday\/cs\/","name":"www.Bicycle.Holiday","description":"Mallorca active holidays with bike","publisher":{"@id":"https:\/\/bicycle.holiday\/cs\/#organization"},"potentialAction":[{"@type":"SearchAction","target":{"@type":"EntryPoint","urlTemplate":"https:\/\/bicycle.holiday\/cs\/?s={search_term_string}"},"query-input":{"@type":"PropertyValueSpecification","valueRequired":true,"valueName":"search_term_string"}}],"inLanguage":"cs"},{"@type":"Organization","@id":"https:\/\/bicycle.holiday\/cs\/#organization","name":"Bicycle Holiday","url":"https:\/\/bicycle.holiday\/cs\/","logo":{"@type":"ImageObject","inLanguage":"cs","@id":"https:\/\/bicycle.holiday\/cs\/#\/schema\/logo\/image\/","url":"https:\/\/bicycle.holiday\/wp-content\/uploads\/2021\/09\/logo-bicycle-holiday-CTVEREC-FCBK.jpg","contentUrl":"https:\/\/bicycle.holiday\/wp-content\/uploads\/2021\/09\/logo-bicycle-holiday-CTVEREC-FCBK.jpg","width":800,"height":800,"caption":"Bicycle Holiday"},"image":{"@id":"https:\/\/bicycle.holiday\/cs\/#\/schema\/logo\/image\/"},"sameAs":["https:\/\/www.facebook.com\/Bicycle.Holiday"]}]}},"_links":{"self":[{"href":"https:\/\/bicycle.holiday\/cs\/wp-json\/wp\/v2\/pages\/433","targetHints":{"allow":["GET"]}}],"collection":[{"href":"https:\/\/bicycle.holiday\/cs\/wp-json\/wp\/v2\/pages"}],"about":[{"href":"https:\/\/bicycle.holiday\/cs\/wp-json\/wp\/v2\/types\/page"}],"author":[{"embeddable":true,"href":"https:\/\/bicycle.holiday\/cs\/wp-json\/wp\/v2\/users\/1"}],"replies":[{"embeddable":true,"href":"https:\/\/bicycle.holiday\/cs\/wp-json\/wp\/v2\/comments?post=433"}],"version-history":[{"count":4,"href":"https:\/\/bicycle.holiday\/cs\/wp-json\/wp\/v2\/pages\/433\/revisions"}],"predecessor-version":[{"id":2554,"href":"https:\/\/bicycle.holiday\/cs\/wp-json\/wp\/v2\/pages\/433\/revisions\/2554"}],"wp:attachment":[{"href":"https:\/\/bicycle.holiday\/cs\/wp-json\/wp\/v2\/media?parent=433"}],"curies":[{"name":"wp","href":"https:\/\/api.w.org\/{rel}","templated":true}]}}