{"id":425,"date":"2020-03-31T13:47:34","date_gmt":"2020-03-31T11:47:34","guid":{"rendered":"https:\/\/bicycle.holiday\/?page_id=425"},"modified":"2020-10-23T12:55:34","modified_gmt":"2020-10-23T10:55:34","slug":"kdo-jsme","status":"publish","type":"page","link":"https:\/\/bicycle.holiday\/cs\/kdo-jsme\/","title":{"rendered":"Kdo jsme"},"content":{"rendered":"\r\n<h2>Pro\u010d s n\u00e1mi?<\/h2>\r\n\n\t\t<style type=\"text\/css\">\n\t\t\t#gallery-1 {\n\t\t\t\tmargin: auto;\n\t\t\t}\n\t\t\t#gallery-1 .gallery-item {\n\t\t\t\tfloat: left;\n\t\t\t\tmargin-top: 10px;\n\t\t\t\ttext-align: center;\n\t\t\t\twidth: 33%;\n\t\t\t}\n\t\t\t#gallery-1 img {\n\t\t\t\tborder: 2px solid #cfcfcf;\n\t\t\t}\n\t\t\t#gallery-1 .gallery-caption {\n\t\t\t\tmargin-left: 0;\n\t\t\t}\n\t\t\t\/* see gallery_shortcode() in wp-includes\/media.php *\/\n\t\t<\/style>\n\t\t<div id='gallery-1' class='gallery galleryid-425 gallery-columns-3 gallery-size-medium'><dl class='gallery-item'>\n\t\t\t<dt class='gallery-icon landscape'>\n\t\t\t\t<a href='https:\/\/bicycle.holiday\/wp-content\/uploads\/2020\/04\/1-1-e1594287031165.jpg'><img loading=\"lazy\" decoding=\"async\" width=\"300\" height=\"193\" src=\"https:\/\/bicycle.holiday\/wp-content\/uploads\/2020\/04\/1-1-e1594287031165-300x193.jpg\" class=\"attachment-medium size-medium\" alt=\"Bicycle.holiday Team\" srcset=\"https:\/\/bicycle.holiday\/wp-content\/uploads\/2020\/04\/1-1-e1594287031165-300x193.jpg 300w, https:\/\/bicycle.holiday\/wp-content\/uploads\/2020\/04\/1-1-e1594287031165-768x493.jpg 768w, https:\/\/bicycle.holiday\/wp-content\/uploads\/2020\/04\/1-1-e1594287031165-623x400.jpg 623w, https:\/\/bicycle.holiday\/wp-content\/uploads\/2020\/04\/1-1-e1594287031165.jpg 960w\" sizes=\"auto, (max-width: 300px) 100vw, 300px\" \/><\/a>\n\t\t\t<\/dt><\/dl><dl class='gallery-item'>\n\t\t\t<dt class='gallery-icon landscape'>\n\t\t\t\t<a href='https:\/\/bicycle.holiday\/wp-content\/uploads\/2020\/04\/DSC_2525.jpg'><img loading=\"lazy\" decoding=\"async\" width=\"300\" height=\"200\" src=\"https:\/\/bicycle.holiday\/wp-content\/uploads\/2020\/04\/DSC_2525-300x200.jpg\" class=\"attachment-medium size-medium\" alt=\"\" srcset=\"https:\/\/bicycle.holiday\/wp-content\/uploads\/2020\/04\/DSC_2525-300x200.jpg 300w, https:\/\/bicycle.holiday\/wp-content\/uploads\/2020\/04\/DSC_2525-1024x683.jpg 1024w, https:\/\/bicycle.holiday\/wp-content\/uploads\/2020\/04\/DSC_2525-768x512.jpg 768w, https:\/\/bicycle.holiday\/wp-content\/uploads\/2020\/04\/DSC_2525-1536x1024.jpg 1536w, https:\/\/bicycle.holiday\/wp-content\/uploads\/2020\/04\/DSC_2525-2048x1365.jpg 2048w, https:\/\/bicycle.holiday\/wp-content\/uploads\/2020\/04\/DSC_2525-600x400.jpg 600w, https:\/\/bicycle.holiday\/wp-content\/uploads\/2020\/04\/DSC_2525-1620x1080.jpg 1620w\" sizes=\"auto, (max-width: 300px) 100vw, 300px\" \/><\/a>\n\t\t\t<\/dt><\/dl><dl class='gallery-item'>\n\t\t\t<dt class='gallery-icon landscape'>\n\t\t\t\t<a href='https:\/\/bicycle.holiday\/wp-content\/uploads\/2020\/04\/DSC_4027.jpg'><img loading=\"lazy\" decoding=\"async\" width=\"300\" height=\"200\" src=\"https:\/\/bicycle.holiday\/wp-content\/uploads\/2020\/04\/DSC_4027-300x200.jpg\" class=\"attachment-medium size-medium\" alt=\"\" srcset=\"https:\/\/bicycle.holiday\/wp-content\/uploads\/2020\/04\/DSC_4027-300x200.jpg 300w, https:\/\/bicycle.holiday\/wp-content\/uploads\/2020\/04\/DSC_4027-1024x683.jpg 1024w, https:\/\/bicycle.holiday\/wp-content\/uploads\/2020\/04\/DSC_4027-768x512.jpg 768w, https:\/\/bicycle.holiday\/wp-content\/uploads\/2020\/04\/DSC_4027-1536x1024.jpg 1536w, https:\/\/bicycle.holiday\/wp-content\/uploads\/2020\/04\/DSC_4027-2048x1365.jpg 2048w, https:\/\/bicycle.holiday\/wp-content\/uploads\/2020\/04\/DSC_4027-600x400.jpg 600w, https:\/\/bicycle.holiday\/wp-content\/uploads\/2020\/04\/DSC_4027-1620x1080.jpg 1620w\" sizes=\"auto, (max-width: 300px) 100vw, 300px\" \/><\/a>\n\t\t\t<\/dt><\/dl><br style=\"clear: both\" \/>\n\t\t<\/div>\n\r\n<p class=\"p1\">\u00a0<\/p>\r\n<p>Jsme t\u00fdm cyklistick\u00fdch fanou\u0161k\u016f, kte\u0159\u00ed se r\u00e1di pod\u011bl\u00ed o na\u0161e zku\u0161enosti s ostrovem s ostatn\u00edmi. Na\u0161e cyklistick\u00e9 centrum na Mallorce m\u00e1 ji\u017e v\u00edce jak 15ti letou historii.\u00a0 Zrodila se zde cel\u00e1 \u0159ada neopakovateln\u00fdch z\u00e1\u017eitk\u016f, \u017eivotn\u00edch p\u0159\u00e1telstv\u00ed a vztah\u016f. Jsme hrd\u00ed na to, \u017ee se od roku 2019 otev\u0159ela nov\u00e1 z\u00e1kladna na\u0161eho cyklistick\u00e9ho kempu na Mallorce v hotelu Rei del Mediterrani Palace 4* na Playa de Muro bl\u00edzko Alcudie, kter\u00e1 je jednou z nej\u017e\u00e1dan\u011bj\u0161\u00edch destinac\u00ed na ostrov\u011b. Region Alcudie je jeden z nejluxusn\u011bj\u0161\u00edch m\u00edst na ostrov\u011b. Krom\u011b kr\u00e1sn\u00e9ho mo\u0159e jsou snadno p\u0159\u00edstupn\u00e1 i nejatraktivn\u011bj\u0161\u00ed m\u00edsta na Mallorce. N\u00e1\u0161 t\u00fdm hovo\u0159\u00ed \u010desky, \u0161pan\u011blsky a anglicky a postar\u00e1 se o Va\u0161e pohodl\u00ed po celou dobu pobytu. A co je nejd\u016fle\u017eit\u011bj\u0161\u00ed, m\u016f\u017eete s n\u00e1mi z\u016fstat tak dlouho, jak chcete, jsme flexibiln\u00ed!\u00a0 Pokud nem\u00e1te \u010das str\u00e1vit na Mallorce cel\u00fd t\u00fdden, ale jen prodlou\u017een\u00fd v\u00edkend, nen\u00ed probl\u00e9m, postar\u00e1me se o to. P\u0159ipravili jsme v\u0161e pro kr\u00e1sn\u00e9 vzpom\u00ednky.<\/p>\r\n<p>Mnoho let organizujeme cyklistick\u00e9 kempy na Mallorce, d\u00edky tomu jsme nabyli velk\u00e9 mno\u017estv\u00ed zku\u0161enost\u00ed. Z na\u0161ich klient\u016f se st\u00e1vaj\u00ed na\u0161i p\u0159\u00e1tel\u00e9 a ke ka\u017ed\u00e9mu klientovi p\u0159istupujeme s individu\u00e1ln\u00ed p\u00e9\u010d\u00ed. Nejde n\u00e1m o to z\u00edskat co nejv\u00edce klient\u016f a ka\u017ed\u00fdm rokem toto \u010d\u00edslo zvy\u0161ovat (i tak se kemp\u016f z\u00fa\u010dast\u0148uje v\u00edc a v\u00edc cyklist\u016f); p\u0159edev\u0161\u00edm chceme na\u0161im klient\u016fm poskytnout perfektn\u00ed servis, t\u00edm tak zajistit pohodl\u00ed klient\u016f a velkou spoustu z\u00e1\u017eitk\u016f. Kola p\u016fj\u010dujeme za rozumn\u00e9 ceny, specializujeme se na zna\u010dku Merida. Nemus\u00edte si tedy s sebou na Mallorcu br\u00e1t vlastn\u00ed kolo a ob\u00e1vat se o n\u011bj (po\u0161kozen\u00ed, ztr\u00e1ta zavazadla b\u011bhem leteck\u00e9 p\u0159epravy). D\u00edky na\u0161im slu\u017eb\u00e1m bude jist\u011b Va\u0161e dovolen\u00e1 mnohem pohodov\u011bj\u0161\u00ed.<\/p>\r\n<p>S n\u00e1mi si u\u017eijete skv\u011blou dovolenou, prozkoum\u00e1te ty nejzaj\u00edmav\u011bj\u0161\u00ed kouty ostrova, pozn\u00e1te m\u00edstn\u00ed kulturu a je\u0161t\u011b mnohem v\u00edc.<\/p>\r\n","protected":false},"excerpt":{"rendered":"<p>Pro\u010d s n\u00e1mi? \u00a0 Jsme t\u00fdm cyklistick\u00fdch fanou\u0161k\u016f, kte\u0159\u00ed se r\u00e1di pod\u011bl\u00ed o na\u0161e zku\u0161enosti s ostrovem s ostatn\u00edmi. Na\u0161e cyklistick\u00e9 centrum na Mallorce m\u00e1 ji\u017e v\u00edce jak 15ti letou historii.\u00a0 Zrodila se zde cel\u00e1 \u0159ada neopakovateln\u00fdch z\u00e1\u017eitk\u016f, \u017eivotn\u00edch p\u0159\u00e1telstv\u00ed a vztah\u016f. Jsme hrd\u00ed na to, \u017ee se od roku 2019 otev\u0159ela nov\u00e1 z\u00e1kladna na\u0161eho [&hellip;]<\/p>\n","protected":false},"author":1,"featured_media":0,"parent":0,"menu_order":103,"comment_status":"closed","ping_status":"closed","template":"","meta":{"_acf_changed":false,"footnotes":""},"class_list":["post-425","page","type-page","status-publish","hentry"],"acf":[],"yoast_head":"<!-- This site is optimized with the Yoast SEO plugin v27.4 - https:\/\/yoast.com\/product\/yoast-seo-wordpress\/ -->\n<title>Kdo jsme - Bicycle.Holiday<\/title>\n<meta name=\"robots\" content=\"index, follow, max-snippet:-1, max-image-preview:large, max-video-preview:-1\" \/>\n<link rel=\"canonical\" href=\"https:\/\/bicycle.holiday\/cs\/kdo-jsme\/\" \/>\n<meta property=\"og:locale\" content=\"cs_CZ\" \/>\n<meta property=\"og:type\" content=\"article\" \/>\n<meta property=\"og:title\" content=\"Kdo jsme - Bicycle.Holiday\" \/>\n<meta property=\"og:description\" content=\"Pro\u010d s n\u00e1mi? \u00a0 Jsme t\u00fdm cyklistick\u00fdch fanou\u0161k\u016f, kte\u0159\u00ed se r\u00e1di pod\u011bl\u00ed o na\u0161e zku\u0161enosti s ostrovem s ostatn\u00edmi. Na\u0161e cyklistick\u00e9 centrum na Mallorce m\u00e1 ji\u017e v\u00edce jak 15ti letou historii.\u00a0 Zrodila se zde cel\u00e1 \u0159ada neopakovateln\u00fdch z\u00e1\u017eitk\u016f, \u017eivotn\u00edch p\u0159\u00e1telstv\u00ed a vztah\u016f. Jsme hrd\u00ed na to, \u017ee se od roku 2019 otev\u0159ela nov\u00e1 z\u00e1kladna na\u0161eho [&hellip;]\" \/>\n<meta property=\"og:url\" content=\"https:\/\/bicycle.holiday\/cs\/kdo-jsme\/\" \/>\n<meta property=\"og:site_name\" content=\"Bicycle.Holiday\" \/>\n<meta property=\"article:publisher\" content=\"https:\/\/www.facebook.com\/Bicycle.Holiday\" \/>\n<meta property=\"article:modified_time\" content=\"2020-10-23T10:55:34+00:00\" \/>\n<meta property=\"og:image\" content=\"https:\/\/bicycle.holiday\/wp-content\/uploads\/2020\/04\/1-1-e1594287031165-300x193.jpg\" \/>\n<meta name=\"twitter:card\" content=\"summary_large_image\" \/>\n<meta name=\"twitter:label1\" content=\"Odhadovan\u00e1 doba \u010dten\u00ed\" \/>\n\t<meta name=\"twitter:data1\" content=\"2 minuty\" \/>\n<script type=\"application\/ld+json\" class=\"yoast-schema-graph\">{\"@context\":\"https:\\\/\\\/schema.org\",\"@graph\":[{\"@type\":\"WebPage\",\"@id\":\"https:\\\/\\\/bicycle.holiday\\\/cs\\\/kdo-jsme\\\/\",\"url\":\"https:\\\/\\\/bicycle.holiday\\\/cs\\\/kdo-jsme\\\/\",\"name\":\"Kdo jsme - Bicycle.Holiday\",\"isPartOf\":{\"@id\":\"https:\\\/\\\/bicycle.holiday\\\/cs\\\/#website\"},\"datePublished\":\"2020-03-31T11:47:34+00:00\",\"dateModified\":\"2020-10-23T10:55:34+00:00\",\"breadcrumb\":{\"@id\":\"https:\\\/\\\/bicycle.holiday\\\/cs\\\/kdo-jsme\\\/#breadcrumb\"},\"inLanguage\":\"cs\",\"potentialAction\":[{\"@type\":\"ReadAction\",\"target\":[\"https:\\\/\\\/bicycle.holiday\\\/cs\\\/kdo-jsme\\\/\"]}]},{\"@type\":\"BreadcrumbList\",\"@id\":\"https:\\\/\\\/bicycle.holiday\\\/cs\\\/kdo-jsme\\\/#breadcrumb\",\"itemListElement\":[{\"@type\":\"ListItem\",\"position\":1,\"name\":\"Home\",\"item\":\"https:\\\/\\\/bicycle.holiday\\\/cs\\\/\"},{\"@type\":\"ListItem\",\"position\":2,\"name\":\"Kdo jsme\"}]},{\"@type\":\"WebSite\",\"@id\":\"https:\\\/\\\/bicycle.holiday\\\/cs\\\/#website\",\"url\":\"https:\\\/\\\/bicycle.holiday\\\/cs\\\/\",\"name\":\"www.Bicycle.Holiday\",\"description\":\"Mallorca active holidays with bike\",\"publisher\":{\"@id\":\"https:\\\/\\\/bicycle.holiday\\\/cs\\\/#organization\"},\"potentialAction\":[{\"@type\":\"SearchAction\",\"target\":{\"@type\":\"EntryPoint\",\"urlTemplate\":\"https:\\\/\\\/bicycle.holiday\\\/cs\\\/?s={search_term_string}\"},\"query-input\":{\"@type\":\"PropertyValueSpecification\",\"valueRequired\":true,\"valueName\":\"search_term_string\"}}],\"inLanguage\":\"cs\"},{\"@type\":\"Organization\",\"@id\":\"https:\\\/\\\/bicycle.holiday\\\/cs\\\/#organization\",\"name\":\"Bicycle Holiday\",\"url\":\"https:\\\/\\\/bicycle.holiday\\\/cs\\\/\",\"logo\":{\"@type\":\"ImageObject\",\"inLanguage\":\"cs\",\"@id\":\"https:\\\/\\\/bicycle.holiday\\\/cs\\\/#\\\/schema\\\/logo\\\/image\\\/\",\"url\":\"https:\\\/\\\/bicycle.holiday\\\/wp-content\\\/uploads\\\/2021\\\/09\\\/logo-bicycle-holiday-CTVEREC-FCBK.jpg\",\"contentUrl\":\"https:\\\/\\\/bicycle.holiday\\\/wp-content\\\/uploads\\\/2021\\\/09\\\/logo-bicycle-holiday-CTVEREC-FCBK.jpg\",\"width\":800,\"height\":800,\"caption\":\"Bicycle Holiday\"},\"image\":{\"@id\":\"https:\\\/\\\/bicycle.holiday\\\/cs\\\/#\\\/schema\\\/logo\\\/image\\\/\"},\"sameAs\":[\"https:\\\/\\\/www.facebook.com\\\/Bicycle.Holiday\"]}]}<\/script>\n<!-- \/ Yoast SEO plugin. -->","yoast_head_json":{"title":"Kdo jsme - Bicycle.Holiday","robots":{"index":"index","follow":"follow","max-snippet":"max-snippet:-1","max-image-preview":"max-image-preview:large","max-video-preview":"max-video-preview:-1"},"canonical":"https:\/\/bicycle.holiday\/cs\/kdo-jsme\/","og_locale":"cs_CZ","og_type":"article","og_title":"Kdo jsme - Bicycle.Holiday","og_description":"Pro\u010d s n\u00e1mi? \u00a0 Jsme t\u00fdm cyklistick\u00fdch fanou\u0161k\u016f, kte\u0159\u00ed se r\u00e1di pod\u011bl\u00ed o na\u0161e zku\u0161enosti s ostrovem s ostatn\u00edmi. Na\u0161e cyklistick\u00e9 centrum na Mallorce m\u00e1 ji\u017e v\u00edce jak 15ti letou historii.\u00a0 Zrodila se zde cel\u00e1 \u0159ada neopakovateln\u00fdch z\u00e1\u017eitk\u016f, \u017eivotn\u00edch p\u0159\u00e1telstv\u00ed a vztah\u016f. Jsme hrd\u00ed na to, \u017ee se od roku 2019 otev\u0159ela nov\u00e1 z\u00e1kladna na\u0161eho [&hellip;]","og_url":"https:\/\/bicycle.holiday\/cs\/kdo-jsme\/","og_site_name":"Bicycle.Holiday","article_publisher":"https:\/\/www.facebook.com\/Bicycle.Holiday","article_modified_time":"2020-10-23T10:55:34+00:00","og_image":[{"url":"https:\/\/bicycle.holiday\/wp-content\/uploads\/2020\/04\/1-1-e1594287031165-300x193.jpg","type":"","width":"","height":""}],"twitter_card":"summary_large_image","twitter_misc":{"Odhadovan\u00e1 doba \u010dten\u00ed":"2 minuty"},"schema":{"@context":"https:\/\/schema.org","@graph":[{"@type":"WebPage","@id":"https:\/\/bicycle.holiday\/cs\/kdo-jsme\/","url":"https:\/\/bicycle.holiday\/cs\/kdo-jsme\/","name":"Kdo jsme - Bicycle.Holiday","isPartOf":{"@id":"https:\/\/bicycle.holiday\/cs\/#website"},"datePublished":"2020-03-31T11:47:34+00:00","dateModified":"2020-10-23T10:55:34+00:00","breadcrumb":{"@id":"https:\/\/bicycle.holiday\/cs\/kdo-jsme\/#breadcrumb"},"inLanguage":"cs","potentialAction":[{"@type":"ReadAction","target":["https:\/\/bicycle.holiday\/cs\/kdo-jsme\/"]}]},{"@type":"BreadcrumbList","@id":"https:\/\/bicycle.holiday\/cs\/kdo-jsme\/#breadcrumb","itemListElement":[{"@type":"ListItem","position":1,"name":"Home","item":"https:\/\/bicycle.holiday\/cs\/"},{"@type":"ListItem","position":2,"name":"Kdo jsme"}]},{"@type":"WebSite","@id":"https:\/\/bicycle.holiday\/cs\/#website","url":"https:\/\/bicycle.holiday\/cs\/","name":"www.Bicycle.Holiday","description":"Mallorca active holidays with bike","publisher":{"@id":"https:\/\/bicycle.holiday\/cs\/#organization"},"potentialAction":[{"@type":"SearchAction","target":{"@type":"EntryPoint","urlTemplate":"https:\/\/bicycle.holiday\/cs\/?s={search_term_string}"},"query-input":{"@type":"PropertyValueSpecification","valueRequired":true,"valueName":"search_term_string"}}],"inLanguage":"cs"},{"@type":"Organization","@id":"https:\/\/bicycle.holiday\/cs\/#organization","name":"Bicycle Holiday","url":"https:\/\/bicycle.holiday\/cs\/","logo":{"@type":"ImageObject","inLanguage":"cs","@id":"https:\/\/bicycle.holiday\/cs\/#\/schema\/logo\/image\/","url":"https:\/\/bicycle.holiday\/wp-content\/uploads\/2021\/09\/logo-bicycle-holiday-CTVEREC-FCBK.jpg","contentUrl":"https:\/\/bicycle.holiday\/wp-content\/uploads\/2021\/09\/logo-bicycle-holiday-CTVEREC-FCBK.jpg","width":800,"height":800,"caption":"Bicycle Holiday"},"image":{"@id":"https:\/\/bicycle.holiday\/cs\/#\/schema\/logo\/image\/"},"sameAs":["https:\/\/www.facebook.com\/Bicycle.Holiday"]}]}},"_links":{"self":[{"href":"https:\/\/bicycle.holiday\/cs\/wp-json\/wp\/v2\/pages\/425","targetHints":{"allow":["GET"]}}],"collection":[{"href":"https:\/\/bicycle.holiday\/cs\/wp-json\/wp\/v2\/pages"}],"about":[{"href":"https:\/\/bicycle.holiday\/cs\/wp-json\/wp\/v2\/types\/page"}],"author":[{"embeddable":true,"href":"https:\/\/bicycle.holiday\/cs\/wp-json\/wp\/v2\/users\/1"}],"replies":[{"embeddable":true,"href":"https:\/\/bicycle.holiday\/cs\/wp-json\/wp\/v2\/comments?post=425"}],"version-history":[{"count":11,"href":"https:\/\/bicycle.holiday\/cs\/wp-json\/wp\/v2\/pages\/425\/revisions"}],"predecessor-version":[{"id":2685,"href":"https:\/\/bicycle.holiday\/cs\/wp-json\/wp\/v2\/pages\/425\/revisions\/2685"}],"wp:attachment":[{"href":"https:\/\/bicycle.holiday\/cs\/wp-json\/wp\/v2\/media?parent=425"}],"curies":[{"name":"wp","href":"https:\/\/api.w.org\/{rel}","templated":true}]}}