{"id":389,"date":"2020-03-31T13:37:59","date_gmt":"2020-03-31T11:37:59","guid":{"rendered":"https:\/\/bicycle.holiday\/?page_id=389"},"modified":"2020-10-23T12:55:29","modified_gmt":"2020-10-23T10:55:29","slug":"domu","status":"publish","type":"page","link":"https:\/\/bicycle.holiday\/cs\/","title":{"rendered":"Dom\u016f"},"content":{"rendered":"<p>Chyst\u00e1te se do cyklistick\u00e9ho r\u00e1je na Mallorce? A\u0165 u\u017e jste profi cyklista, p\u0159ipravuj\u00edc\u00ed se na nadch\u00e1zej\u00edc\u00ed sez\u00f3nu, horliv\u00fd na stejn\u00fdch tras\u00e1ch s t\u00fdmy Tour de France, nebo hobby jezdec, kter\u00fd tou\u017e\u00ed po objevov\u00e1n\u00ed nov\u00fdch tr\u00e9ninkov\u00fdch are\u00e1l\u016f, aby byla z\u00e1bava. Nebo m\u00e1te r\u00e1di kolo i golf? Dop\u0159ejte si pobyt s NaCesty.cz na tomto kr\u00e1sn\u00e9m bale\u00e1rsk\u00e9m ostrov\u011b v luxusn\u00edm hotelu za velmi dostupnou cenu, se v\u0161emi slu\u017ebami, abyste se c\u00edtili jako kr\u00e1lov\u00e9.<\/p>\n<p>Tr\u00e9ning na Mallorce je nejv\u00edc!<\/p>\n","protected":false},"excerpt":{"rendered":"<p>Chyst\u00e1te se do cyklistick\u00e9ho r\u00e1je na Mallorce? A\u0165 u\u017e jste profi cyklista, p\u0159ipravuj\u00edc\u00ed se na nadch\u00e1zej\u00edc\u00ed sez\u00f3nu, horliv\u00fd na stejn\u00fdch tras\u00e1ch s t\u00fdmy Tour de France, nebo hobby jezdec, kter\u00fd tou\u017e\u00ed po objevov\u00e1n\u00ed nov\u00fdch tr\u00e9ninkov\u00fdch are\u00e1l\u016f, aby byla z\u00e1bava. Nebo m\u00e1te r\u00e1di kolo i golf? Dop\u0159ejte si pobyt s NaCesty.cz na tomto kr\u00e1sn\u00e9m bale\u00e1rsk\u00e9m ostrov\u011b [&hellip;]<\/p>\n","protected":false},"author":1,"featured_media":0,"parent":0,"menu_order":54,"comment_status":"closed","ping_status":"closed","template":"","meta":{"_acf_changed":false,"footnotes":""},"class_list":["post-389","page","type-page","status-publish","hentry"],"acf":[],"yoast_head":"<!-- This site is optimized with the Yoast SEO plugin v27.5 - https:\/\/yoast.com\/product\/yoast-seo-wordpress\/ -->\n<title>Dom\u016f - Bicycle.Holiday<\/title>\n<meta name=\"robots\" content=\"index, follow, max-snippet:-1, max-image-preview:large, max-video-preview:-1\" \/>\n<link rel=\"canonical\" href=\"https:\/\/bicycle.holiday\/cs\/\" \/>\n<meta property=\"og:locale\" content=\"cs_CZ\" \/>\n<meta property=\"og:type\" content=\"article\" \/>\n<meta property=\"og:title\" content=\"Dom\u016f - Bicycle.Holiday\" \/>\n<meta property=\"og:description\" content=\"Chyst\u00e1te se do cyklistick\u00e9ho r\u00e1je na Mallorce? A\u0165 u\u017e jste profi cyklista, p\u0159ipravuj\u00edc\u00ed se na nadch\u00e1zej\u00edc\u00ed sez\u00f3nu, horliv\u00fd na stejn\u00fdch tras\u00e1ch s t\u00fdmy Tour de France, nebo hobby jezdec, kter\u00fd tou\u017e\u00ed po objevov\u00e1n\u00ed nov\u00fdch tr\u00e9ninkov\u00fdch are\u00e1l\u016f, aby byla z\u00e1bava. Nebo m\u00e1te r\u00e1di kolo i golf? Dop\u0159ejte si pobyt s NaCesty.cz na tomto kr\u00e1sn\u00e9m bale\u00e1rsk\u00e9m ostrov\u011b [&hellip;]\" \/>\n<meta property=\"og:url\" content=\"https:\/\/bicycle.holiday\/cs\/\" \/>\n<meta property=\"og:site_name\" content=\"Bicycle.Holiday\" \/>\n<meta property=\"article:publisher\" content=\"https:\/\/www.facebook.com\/Bicycle.Holiday\" \/>\n<meta property=\"article:modified_time\" content=\"2020-10-23T10:55:29+00:00\" \/>\n<meta name=\"twitter:card\" content=\"summary_large_image\" \/>\n<meta name=\"twitter:label1\" content=\"Odhadovan\u00e1 doba \u010dten\u00ed\" \/>\n\t<meta name=\"twitter:data1\" content=\"1 minuta\" \/>\n<script type=\"application\/ld+json\" class=\"yoast-schema-graph\">{\"@context\":\"https:\\\/\\\/schema.org\",\"@graph\":[{\"@type\":\"WebPage\",\"@id\":\"https:\\\/\\\/bicycle.holiday\\\/cs\\\/\",\"url\":\"https:\\\/\\\/bicycle.holiday\\\/cs\\\/\",\"name\":\"Dom\u016f - Bicycle.Holiday\",\"isPartOf\":{\"@id\":\"https:\\\/\\\/bicycle.holiday\\\/cs\\\/#website\"},\"datePublished\":\"2020-03-31T11:37:59+00:00\",\"dateModified\":\"2020-10-23T10:55:29+00:00\",\"breadcrumb\":{\"@id\":\"https:\\\/\\\/bicycle.holiday\\\/cs\\\/#breadcrumb\"},\"inLanguage\":\"cs\",\"potentialAction\":[{\"@type\":\"ReadAction\",\"target\":[\"https:\\\/\\\/bicycle.holiday\\\/cs\\\/\"]}]},{\"@type\":\"BreadcrumbList\",\"@id\":\"https:\\\/\\\/bicycle.holiday\\\/cs\\\/#breadcrumb\",\"itemListElement\":[{\"@type\":\"ListItem\",\"position\":1,\"name\":\"Home\",\"item\":\"https:\\\/\\\/bicycle.holiday\\\/cs\\\/\"},{\"@type\":\"ListItem\",\"position\":2,\"name\":\"Dom\u016f\"}]},{\"@type\":\"WebSite\",\"@id\":\"https:\\\/\\\/bicycle.holiday\\\/cs\\\/#website\",\"url\":\"https:\\\/\\\/bicycle.holiday\\\/cs\\\/\",\"name\":\"www.Bicycle.Holiday\",\"description\":\"Mallorca active holidays with bike\",\"publisher\":{\"@id\":\"https:\\\/\\\/bicycle.holiday\\\/cs\\\/#organization\"},\"potentialAction\":[{\"@type\":\"SearchAction\",\"target\":{\"@type\":\"EntryPoint\",\"urlTemplate\":\"https:\\\/\\\/bicycle.holiday\\\/cs\\\/?s={search_term_string}\"},\"query-input\":{\"@type\":\"PropertyValueSpecification\",\"valueRequired\":true,\"valueName\":\"search_term_string\"}}],\"inLanguage\":\"cs\"},{\"@type\":\"Organization\",\"@id\":\"https:\\\/\\\/bicycle.holiday\\\/cs\\\/#organization\",\"name\":\"Bicycle Holiday\",\"url\":\"https:\\\/\\\/bicycle.holiday\\\/cs\\\/\",\"logo\":{\"@type\":\"ImageObject\",\"inLanguage\":\"cs\",\"@id\":\"https:\\\/\\\/bicycle.holiday\\\/cs\\\/#\\\/schema\\\/logo\\\/image\\\/\",\"url\":\"https:\\\/\\\/bicycle.holiday\\\/wp-content\\\/uploads\\\/2021\\\/09\\\/logo-bicycle-holiday-CTVEREC-FCBK.jpg\",\"contentUrl\":\"https:\\\/\\\/bicycle.holiday\\\/wp-content\\\/uploads\\\/2021\\\/09\\\/logo-bicycle-holiday-CTVEREC-FCBK.jpg\",\"width\":800,\"height\":800,\"caption\":\"Bicycle Holiday\"},\"image\":{\"@id\":\"https:\\\/\\\/bicycle.holiday\\\/cs\\\/#\\\/schema\\\/logo\\\/image\\\/\"},\"sameAs\":[\"https:\\\/\\\/www.facebook.com\\\/Bicycle.Holiday\"]}]}<\/script>\n<!-- \/ Yoast SEO plugin. -->","yoast_head_json":{"title":"Dom\u016f - Bicycle.Holiday","robots":{"index":"index","follow":"follow","max-snippet":"max-snippet:-1","max-image-preview":"max-image-preview:large","max-video-preview":"max-video-preview:-1"},"canonical":"https:\/\/bicycle.holiday\/cs\/","og_locale":"cs_CZ","og_type":"article","og_title":"Dom\u016f - Bicycle.Holiday","og_description":"Chyst\u00e1te se do cyklistick\u00e9ho r\u00e1je na Mallorce? A\u0165 u\u017e jste profi cyklista, p\u0159ipravuj\u00edc\u00ed se na nadch\u00e1zej\u00edc\u00ed sez\u00f3nu, horliv\u00fd na stejn\u00fdch tras\u00e1ch s t\u00fdmy Tour de France, nebo hobby jezdec, kter\u00fd tou\u017e\u00ed po objevov\u00e1n\u00ed nov\u00fdch tr\u00e9ninkov\u00fdch are\u00e1l\u016f, aby byla z\u00e1bava. Nebo m\u00e1te r\u00e1di kolo i golf? Dop\u0159ejte si pobyt s NaCesty.cz na tomto kr\u00e1sn\u00e9m bale\u00e1rsk\u00e9m ostrov\u011b [&hellip;]","og_url":"https:\/\/bicycle.holiday\/cs\/","og_site_name":"Bicycle.Holiday","article_publisher":"https:\/\/www.facebook.com\/Bicycle.Holiday","article_modified_time":"2020-10-23T10:55:29+00:00","twitter_card":"summary_large_image","twitter_misc":{"Odhadovan\u00e1 doba \u010dten\u00ed":"1 minuta"},"schema":{"@context":"https:\/\/schema.org","@graph":[{"@type":"WebPage","@id":"https:\/\/bicycle.holiday\/cs\/","url":"https:\/\/bicycle.holiday\/cs\/","name":"Dom\u016f - Bicycle.Holiday","isPartOf":{"@id":"https:\/\/bicycle.holiday\/cs\/#website"},"datePublished":"2020-03-31T11:37:59+00:00","dateModified":"2020-10-23T10:55:29+00:00","breadcrumb":{"@id":"https:\/\/bicycle.holiday\/cs\/#breadcrumb"},"inLanguage":"cs","potentialAction":[{"@type":"ReadAction","target":["https:\/\/bicycle.holiday\/cs\/"]}]},{"@type":"BreadcrumbList","@id":"https:\/\/bicycle.holiday\/cs\/#breadcrumb","itemListElement":[{"@type":"ListItem","position":1,"name":"Home","item":"https:\/\/bicycle.holiday\/cs\/"},{"@type":"ListItem","position":2,"name":"Dom\u016f"}]},{"@type":"WebSite","@id":"https:\/\/bicycle.holiday\/cs\/#website","url":"https:\/\/bicycle.holiday\/cs\/","name":"www.Bicycle.Holiday","description":"Mallorca active holidays with bike","publisher":{"@id":"https:\/\/bicycle.holiday\/cs\/#organization"},"potentialAction":[{"@type":"SearchAction","target":{"@type":"EntryPoint","urlTemplate":"https:\/\/bicycle.holiday\/cs\/?s={search_term_string}"},"query-input":{"@type":"PropertyValueSpecification","valueRequired":true,"valueName":"search_term_string"}}],"inLanguage":"cs"},{"@type":"Organization","@id":"https:\/\/bicycle.holiday\/cs\/#organization","name":"Bicycle Holiday","url":"https:\/\/bicycle.holiday\/cs\/","logo":{"@type":"ImageObject","inLanguage":"cs","@id":"https:\/\/bicycle.holiday\/cs\/#\/schema\/logo\/image\/","url":"https:\/\/bicycle.holiday\/wp-content\/uploads\/2021\/09\/logo-bicycle-holiday-CTVEREC-FCBK.jpg","contentUrl":"https:\/\/bicycle.holiday\/wp-content\/uploads\/2021\/09\/logo-bicycle-holiday-CTVEREC-FCBK.jpg","width":800,"height":800,"caption":"Bicycle Holiday"},"image":{"@id":"https:\/\/bicycle.holiday\/cs\/#\/schema\/logo\/image\/"},"sameAs":["https:\/\/www.facebook.com\/Bicycle.Holiday"]}]}},"_links":{"self":[{"href":"https:\/\/bicycle.holiday\/cs\/wp-json\/wp\/v2\/pages\/389","targetHints":{"allow":["GET"]}}],"collection":[{"href":"https:\/\/bicycle.holiday\/cs\/wp-json\/wp\/v2\/pages"}],"about":[{"href":"https:\/\/bicycle.holiday\/cs\/wp-json\/wp\/v2\/types\/page"}],"author":[{"embeddable":true,"href":"https:\/\/bicycle.holiday\/cs\/wp-json\/wp\/v2\/users\/1"}],"replies":[{"embeddable":true,"href":"https:\/\/bicycle.holiday\/cs\/wp-json\/wp\/v2\/comments?post=389"}],"version-history":[{"count":9,"href":"https:\/\/bicycle.holiday\/cs\/wp-json\/wp\/v2\/pages\/389\/revisions"}],"predecessor-version":[{"id":2449,"href":"https:\/\/bicycle.holiday\/cs\/wp-json\/wp\/v2\/pages\/389\/revisions\/2449"}],"wp:attachment":[{"href":"https:\/\/bicycle.holiday\/cs\/wp-json\/wp\/v2\/media?parent=389"}],"curies":[{"name":"wp","href":"https:\/\/api.w.org\/{rel}","templated":true}]}}